{"id":123543,"date":"2023-06-05T15:22:29","date_gmt":"2023-06-05T13:22:29","guid":{"rendered":"https:\/\/osaone.ch\/prodotto\/robe-3\/"},"modified":"2023-06-05T15:22:29","modified_gmt":"2023-06-05T13:22:29","slug":"robe-3","status":"publish","type":"product","link":"https:\/\/osaone.ch\/fr\/produit\/robe-3\/","title":{"rendered":"Robe"},"content":{"rendered":"<p>Tricot\u00e9, plusieurs mailles, teint\u00e9 dans la masse, la couleur reste inchang\u00e9e dans le temps m\u00eame apr\u00e8s de nombreux lavages, couleur framboise.<\/p>\n<p>Peut \u00eatre combin\u00e9 avec le cardigan zipp\u00e9 article 222-E2238DLAM, m\u00eame couleur bain.<\/p>\n<p>CERTIFI\u00c9 PRODUIT ITALIEN<\/p>\n","protected":false},"excerpt":{"rendered":"<p>84% viscose 16% elit\u00e8<\/p>\n","protected":false},"featured_media":225008,"template":"","meta":{"_seopress_robots_primary_cat":"none","_seopress_titles_title":"","_seopress_titles_desc":"","_seopress_robots_index":""},"product_brand":[],"product_cat":[444,394],"product_tag":[],"class_list":{"0":"post-123543","1":"product","2":"type-product","3":"status-publish","4":"has-post-thumbnail","6":"product_cat-femme","7":"product_cat-vetements","8":"pa_taglia-44-fr","9":"pa_taglia-46-fr","10":"pa_taglia-48-fr","11":"pa_taglia-50-fr","13":"first","14":"instock","15":"shipping-taxable","16":"purchasable","17":"product-type-variable","18":"has-default-attributes"},"_links":{"self":[{"href":"https:\/\/osaone.ch\/fr\/wp-json\/wp\/v2\/product\/123543","targetHints":{"allow":["GET"]}}],"collection":[{"href":"https:\/\/osaone.ch\/fr\/wp-json\/wp\/v2\/product"}],"about":[{"href":"https:\/\/osaone.ch\/fr\/wp-json\/wp\/v2\/types\/product"}],"wp:featuredmedia":[{"embeddable":true,"href":"https:\/\/osaone.ch\/fr\/wp-json\/wp\/v2\/media\/225008"}],"wp:attachment":[{"href":"https:\/\/osaone.ch\/fr\/wp-json\/wp\/v2\/media?parent=123543"}],"wp:term":[{"taxonomy":"product_brand","embeddable":true,"href":"https:\/\/osaone.ch\/fr\/wp-json\/wp\/v2\/product_brand?post=123543"},{"taxonomy":"product_cat","embeddable":true,"href":"https:\/\/osaone.ch\/fr\/wp-json\/wp\/v2\/product_cat?post=123543"},{"taxonomy":"product_tag","embeddable":true,"href":"https:\/\/osaone.ch\/fr\/wp-json\/wp\/v2\/product_tag?post=123543"}],"curies":[{"name":"wp","href":"https:\/\/api.w.org\/{rel}","templated":true}]}}