{"id":133111,"date":"2023-09-02T14:57:51","date_gmt":"2023-09-02T12:57:51","guid":{"rendered":"https:\/\/osaone.ch\/prodotto\/maillot-3-4\/"},"modified":"2023-09-02T14:57:51","modified_gmt":"2023-09-02T12:57:51","slug":"maillot-m-3-4-2","status":"publish","type":"product","link":"https:\/\/osaone.ch\/fr\/produit\/maillot-m-3-4-2\/","title":{"rendered":"Maillot 3\/4"},"content":{"rendered":"<p>Tricot\u00e9, broderie uniquement sur le devant, le v\u00eatement reste inchang\u00e9 m\u00eame apr\u00e8s de nombreux lavages, couleur NOIRE<\/p>\n<p>CERTIFI\u00c9 PRODUIT ITALIEN<\/p>\n","protected":false},"excerpt":{"rendered":"<p>84% viscose 16% \u00e9lite<\/p>\n","protected":false},"featured_media":132490,"template":"","meta":{"_seopress_robots_primary_cat":"","_seopress_titles_title":"","_seopress_titles_desc":"","_seopress_robots_index":""},"product_brand":[],"product_cat":[343,444,286],"product_tag":[],"class_list":{"0":"post-133111","1":"product","2":"type-product","3":"status-publish","4":"has-post-thumbnail","6":"product_cat-chemises-a-manches-3-4","7":"product_cat-femme","8":"product_cat-maillots-fr","9":"pa_taglia-42-fr","10":"pa_taglia-44-fr","11":"pa_taglia-46-fr","12":"pa_taglia-48-fr","13":"pa_taglia-50-fr","15":"first","16":"instock","17":"sold-individually","18":"shipping-taxable","19":"purchasable","20":"product-type-variable","21":"has-default-attributes"},"_links":{"self":[{"href":"https:\/\/osaone.ch\/fr\/wp-json\/wp\/v2\/product\/133111","targetHints":{"allow":["GET"]}}],"collection":[{"href":"https:\/\/osaone.ch\/fr\/wp-json\/wp\/v2\/product"}],"about":[{"href":"https:\/\/osaone.ch\/fr\/wp-json\/wp\/v2\/types\/product"}],"wp:featuredmedia":[{"embeddable":true,"href":"https:\/\/osaone.ch\/fr\/wp-json\/wp\/v2\/media\/132490"}],"wp:attachment":[{"href":"https:\/\/osaone.ch\/fr\/wp-json\/wp\/v2\/media?parent=133111"}],"wp:term":[{"taxonomy":"product_brand","embeddable":true,"href":"https:\/\/osaone.ch\/fr\/wp-json\/wp\/v2\/product_brand?post=133111"},{"taxonomy":"product_cat","embeddable":true,"href":"https:\/\/osaone.ch\/fr\/wp-json\/wp\/v2\/product_cat?post=133111"},{"taxonomy":"product_tag","embeddable":true,"href":"https:\/\/osaone.ch\/fr\/wp-json\/wp\/v2\/product_tag?post=133111"}],"curies":[{"name":"wp","href":"https:\/\/api.w.org\/{rel}","templated":true}]}}