{"id":153560,"date":"2023-10-22T12:02:02","date_gmt":"2023-10-22T10:02:02","guid":{"rendered":"https:\/\/osaone.ch\/prodotto\/robe-8\/"},"modified":"2023-10-22T12:02:02","modified_gmt":"2023-10-22T10:02:02","slug":"robe-8","status":"publish","type":"product","link":"https:\/\/osaone.ch\/fr\/produit\/robe-8\/","title":{"rendered":"Robe"},"content":{"rendered":"<p>Tricot\u00e9, teint dans la masse, laine de premi\u00e8re tonte, tr\u00e8s douce, pas de pincement, en usage normal sans frottement pas de boulochage, couleur BLEU.<\/p>\n<p>Il peut \u00e9galement \u00eatre utilis\u00e9 comme maillot long, manches 3\/4.<\/p>\n<p>CERTIFI\u00c9 PRODUIT ITALIEN<\/p>\n","protected":false},"excerpt":{"rendered":"<p>100% laine m\u00e9rinos<\/p>\n","protected":false},"featured_media":148366,"template":"","meta":{"_seopress_robots_primary_cat":"","_seopress_titles_title":"","_seopress_titles_desc":"","_seopress_robots_index":""},"product_brand":[],"product_cat":[444,394],"product_tag":[],"class_list":{"0":"post-153560","1":"product","2":"type-product","3":"status-publish","4":"has-post-thumbnail","6":"product_cat-femme","7":"product_cat-vetements","8":"pa_taglia-42-fr","9":"pa_taglia-44-fr","10":"pa_taglia-46-fr","11":"pa_taglia-48-fr","12":"pa_taglia-50-fr","13":"pa_taglia-52-fr","15":"first","16":"instock","17":"sold-individually","18":"shipping-taxable","19":"purchasable","20":"product-type-variable","21":"has-default-attributes"},"_links":{"self":[{"href":"https:\/\/osaone.ch\/fr\/wp-json\/wp\/v2\/product\/153560","targetHints":{"allow":["GET"]}}],"collection":[{"href":"https:\/\/osaone.ch\/fr\/wp-json\/wp\/v2\/product"}],"about":[{"href":"https:\/\/osaone.ch\/fr\/wp-json\/wp\/v2\/types\/product"}],"wp:featuredmedia":[{"embeddable":true,"href":"https:\/\/osaone.ch\/fr\/wp-json\/wp\/v2\/media\/148366"}],"wp:attachment":[{"href":"https:\/\/osaone.ch\/fr\/wp-json\/wp\/v2\/media?parent=153560"}],"wp:term":[{"taxonomy":"product_brand","embeddable":true,"href":"https:\/\/osaone.ch\/fr\/wp-json\/wp\/v2\/product_brand?post=153560"},{"taxonomy":"product_cat","embeddable":true,"href":"https:\/\/osaone.ch\/fr\/wp-json\/wp\/v2\/product_cat?post=153560"},{"taxonomy":"product_tag","embeddable":true,"href":"https:\/\/osaone.ch\/fr\/wp-json\/wp\/v2\/product_tag?post=153560"}],"curies":[{"name":"wp","href":"https:\/\/api.w.org\/{rel}","templated":true}]}}