{"id":169598,"date":"2023-12-11T14:37:57","date_gmt":"2023-12-11T13:37:57","guid":{"rendered":"https:\/\/osaone.ch\/prodotto\/pull-a-col-roule-reversible\/"},"modified":"2024-10-31T11:22:28","modified_gmt":"2024-10-31T10:22:28","slug":"pull-a-col-roule-reversible","status":"publish","type":"product","link":"https:\/\/osaone.ch\/fr\/produit\/pull-a-col-roule-reversible\/","title":{"rendered":"Pull \u00e0 col roul\u00e9 r\u00e9versible"},"content":{"rendered":"<p>Tricot\u00e9, premi\u00e8re laine de tonte, imprim\u00e9 seulement sur le devant, couleur unie sur le dos, tr\u00e8s doux, ne gratte pas, dans des conditions normales aucun point ne se forme COULEUR noir-multicolore. Peut \u00eatre combin\u00e9 avec le cardigan art. 122-I2236LEO et l&rsquo;\u00e9charpe art. 122-I2262LEO. PRODUIT ITALIEN CERTIFI\u00c9<\/p>\n","protected":false},"excerpt":{"rendered":"<p>100% laine m\u00e9rinos<\/p>\n","protected":false},"featured_media":165817,"template":"","meta":{"_seopress_robots_primary_cat":"none","_seopress_titles_title":"","_seopress_titles_desc":"","_seopress_robots_index":""},"product_brand":[],"product_cat":[287,444,286],"product_tag":[],"class_list":{"0":"post-169598","1":"product","2":"type-product","3":"status-publish","4":"has-post-thumbnail","6":"product_cat-chemises-a-manches-longues","7":"product_cat-femme","8":"product_cat-maillots-fr","9":"pa_taglia-44-fr","10":"pa_taglia-46-fr","11":"pa_taglia-48-fr","12":"pa_taglia-50-fr","13":"pa_taglia-52-fr","15":"first","16":"instock","17":"sold-individually","18":"shipping-taxable","19":"purchasable","20":"product-type-variable","21":"has-default-attributes"},"_links":{"self":[{"href":"https:\/\/osaone.ch\/fr\/wp-json\/wp\/v2\/product\/169598","targetHints":{"allow":["GET"]}}],"collection":[{"href":"https:\/\/osaone.ch\/fr\/wp-json\/wp\/v2\/product"}],"about":[{"href":"https:\/\/osaone.ch\/fr\/wp-json\/wp\/v2\/types\/product"}],"wp:featuredmedia":[{"embeddable":true,"href":"https:\/\/osaone.ch\/fr\/wp-json\/wp\/v2\/media\/165817"}],"wp:attachment":[{"href":"https:\/\/osaone.ch\/fr\/wp-json\/wp\/v2\/media?parent=169598"}],"wp:term":[{"taxonomy":"product_brand","embeddable":true,"href":"https:\/\/osaone.ch\/fr\/wp-json\/wp\/v2\/product_brand?post=169598"},{"taxonomy":"product_cat","embeddable":true,"href":"https:\/\/osaone.ch\/fr\/wp-json\/wp\/v2\/product_cat?post=169598"},{"taxonomy":"product_tag","embeddable":true,"href":"https:\/\/osaone.ch\/fr\/wp-json\/wp\/v2\/product_tag?post=169598"}],"curies":[{"name":"wp","href":"https:\/\/api.w.org\/{rel}","templated":true}]}}