{"id":169645,"date":"2023-12-11T14:30:56","date_gmt":"2023-12-11T13:30:56","guid":{"rendered":"https:\/\/osaone.ch\/prodotto\/cardigan-long-2\/"},"modified":"2023-12-11T14:30:56","modified_gmt":"2023-12-11T13:30:56","slug":"cardigan-long-2","status":"publish","type":"product","link":"https:\/\/osaone.ch\/fr\/produit\/cardigan-long-2\/","title":{"rendered":"Cardigan long"},"content":{"rendered":"<p>Tricot\u00e9, premi\u00e8re laine de tonte, imprim\u00e9 sans attaches, tr\u00e8s doux, ne pince pas, dans des conditions normales aucun point ne se forme COULEUR noir-multicolore<\/p>\n<p>Il peut \u00eatre combin\u00e9 avec le pull Art. 122-I2240LEO et l&rsquo;\u00e9charpe Art. 122-I2262LEO.<\/p>\n<p>CERTIFI\u00c9 PRODUIT ITALIEN<\/p>\n","protected":false},"excerpt":{"rendered":"<p>100% laine m\u00e9rinos<\/p>\n","protected":false},"featured_media":165798,"template":"","meta":{"_seopress_robots_primary_cat":"","_seopress_titles_title":"","_seopress_titles_desc":"","_seopress_robots_index":"","_seopress_analysis_target_kw":""},"product_brand":[],"product_cat":[311,444],"product_tag":[],"class_list":{"0":"post-169645","1":"product","2":"type-product","3":"status-publish","4":"has-post-thumbnail","6":"product_cat-autres-types","7":"product_cat-femme","8":"pa_taglia-44-fr","9":"pa_taglia-46-fr","10":"pa_taglia-48-fr","11":"pa_taglia-50-fr","12":"pa_taglia-52-fr","13":"pa_taglia-54-fr","14":"pa_taglia-56-fr","16":"first","17":"instock","18":"sold-individually","19":"shipping-taxable","20":"purchasable","21":"product-type-variable","22":"has-default-attributes"},"_links":{"self":[{"href":"https:\/\/osaone.ch\/fr\/wp-json\/wp\/v2\/product\/169645","targetHints":{"allow":["GET"]}}],"collection":[{"href":"https:\/\/osaone.ch\/fr\/wp-json\/wp\/v2\/product"}],"about":[{"href":"https:\/\/osaone.ch\/fr\/wp-json\/wp\/v2\/types\/product"}],"wp:featuredmedia":[{"embeddable":true,"href":"https:\/\/osaone.ch\/fr\/wp-json\/wp\/v2\/media\/165798"}],"wp:attachment":[{"href":"https:\/\/osaone.ch\/fr\/wp-json\/wp\/v2\/media?parent=169645"}],"wp:term":[{"taxonomy":"product_brand","embeddable":true,"href":"https:\/\/osaone.ch\/fr\/wp-json\/wp\/v2\/product_brand?post=169645"},{"taxonomy":"product_cat","embeddable":true,"href":"https:\/\/osaone.ch\/fr\/wp-json\/wp\/v2\/product_cat?post=169645"},{"taxonomy":"product_tag","embeddable":true,"href":"https:\/\/osaone.ch\/fr\/wp-json\/wp\/v2\/product_tag?post=169645"}],"curies":[{"name":"wp","href":"https:\/\/api.w.org\/{rel}","templated":true}]}}