{"id":174269,"date":"2023-12-29T16:32:02","date_gmt":"2023-12-29T15:32:02","guid":{"rendered":"https:\/\/osaone.ch\/prodotto\/veste-avec-poches\/"},"modified":"2023-12-29T16:32:02","modified_gmt":"2023-12-29T15:32:02","slug":"veste-avec-poches","status":"publish","type":"product","link":"https:\/\/osaone.ch\/fr\/produit\/veste-avec-poches\/","title":{"rendered":"Veste avec poches"},"content":{"rendered":"<p>Tricot\u00e9, laine de premi\u00e8re tonte, teint\u00e9e en fil, tr\u00e8s doux, ne pince pas, dans des conditions normales pas de plissement.<\/p>\n<p>CERTIFI\u00c9 PRODUIT ITALIEN<\/p>\n","protected":false},"excerpt":{"rendered":"<p>50% laine m\u00e9rinos 50% acrylique<\/p>\n","protected":false},"featured_media":171109,"template":"","meta":{"_seopress_robots_primary_cat":"","_seopress_titles_title":"","_seopress_titles_desc":"","_seopress_robots_index":""},"product_brand":[],"product_cat":[444,386],"product_tag":[],"class_list":{"0":"post-174269","1":"product","2":"type-product","3":"status-publish","4":"has-post-thumbnail","6":"product_cat-femme","7":"product_cat-vestes-fr","8":"pa_taglia-44-fr","9":"pa_taglia-46-fr","10":"pa_taglia-48-fr","11":"pa_taglia-50-fr","12":"pa_taglia-52-fr","14":"first","15":"instock","16":"sold-individually","17":"shipping-taxable","18":"purchasable","19":"product-type-variable","20":"has-default-attributes"},"_links":{"self":[{"href":"https:\/\/osaone.ch\/fr\/wp-json\/wp\/v2\/product\/174269","targetHints":{"allow":["GET"]}}],"collection":[{"href":"https:\/\/osaone.ch\/fr\/wp-json\/wp\/v2\/product"}],"about":[{"href":"https:\/\/osaone.ch\/fr\/wp-json\/wp\/v2\/types\/product"}],"wp:featuredmedia":[{"embeddable":true,"href":"https:\/\/osaone.ch\/fr\/wp-json\/wp\/v2\/media\/171109"}],"wp:attachment":[{"href":"https:\/\/osaone.ch\/fr\/wp-json\/wp\/v2\/media?parent=174269"}],"wp:term":[{"taxonomy":"product_brand","embeddable":true,"href":"https:\/\/osaone.ch\/fr\/wp-json\/wp\/v2\/product_brand?post=174269"},{"taxonomy":"product_cat","embeddable":true,"href":"https:\/\/osaone.ch\/fr\/wp-json\/wp\/v2\/product_cat?post=174269"},{"taxonomy":"product_tag","embeddable":true,"href":"https:\/\/osaone.ch\/fr\/wp-json\/wp\/v2\/product_tag?post=174269"}],"curies":[{"name":"wp","href":"https:\/\/api.w.org\/{rel}","templated":true}]}}