{"id":174281,"date":"2024-01-08T17:14:10","date_gmt":"2024-01-08T16:14:10","guid":{"rendered":"https:\/\/osaone.ch\/prodotto\/pull-a-col-roule-doux\/"},"modified":"2024-01-08T17:14:10","modified_gmt":"2024-01-08T16:14:10","slug":"pull-a-col-roule-doux","status":"publish","type":"product","link":"https:\/\/osaone.ch\/fr\/produit\/pull-a-col-roule-doux\/","title":{"rendered":"Pull \u00e0 col roul\u00e9 doux"},"content":{"rendered":"<p>Tricot\u00e9, laine de premi\u00e8re tonte, teint\u00e9e dans la masse, tr\u00e8s doux, ne pince pas, dans des conditions normales pas de formation de perles, pierres Swarovski appliqu\u00e9es, couleur DARK-BIANCO.<\/p>\n<p>CERTIFI\u00c9 PRODUIT ITALIEN<\/p>\n","protected":false},"excerpt":{"rendered":"<p>100% laine m\u00e9rinos<\/p>\n","protected":false},"featured_media":173986,"template":"","meta":{"_seopress_robots_primary_cat":"","_seopress_titles_title":"","_seopress_titles_desc":"","_seopress_robots_index":""},"product_brand":[],"product_cat":[287,444,286],"product_tag":[],"class_list":{"0":"post-174281","1":"product","2":"type-product","3":"status-publish","4":"has-post-thumbnail","6":"product_cat-chemises-a-manches-longues","7":"product_cat-femme","8":"product_cat-maillots-fr","9":"pa_taglia-42-fr","10":"pa_taglia-44-fr","11":"pa_taglia-46-fr","12":"pa_taglia-48-fr","13":"pa_taglia-50-fr","14":"pa_taglia-52-fr","16":"first","17":"instock","18":"sold-individually","19":"shipping-taxable","20":"purchasable","21":"product-type-variable","22":"has-default-attributes"},"_links":{"self":[{"href":"https:\/\/osaone.ch\/fr\/wp-json\/wp\/v2\/product\/174281","targetHints":{"allow":["GET"]}}],"collection":[{"href":"https:\/\/osaone.ch\/fr\/wp-json\/wp\/v2\/product"}],"about":[{"href":"https:\/\/osaone.ch\/fr\/wp-json\/wp\/v2\/types\/product"}],"wp:featuredmedia":[{"embeddable":true,"href":"https:\/\/osaone.ch\/fr\/wp-json\/wp\/v2\/media\/173986"}],"wp:attachment":[{"href":"https:\/\/osaone.ch\/fr\/wp-json\/wp\/v2\/media?parent=174281"}],"wp:term":[{"taxonomy":"product_brand","embeddable":true,"href":"https:\/\/osaone.ch\/fr\/wp-json\/wp\/v2\/product_brand?post=174281"},{"taxonomy":"product_cat","embeddable":true,"href":"https:\/\/osaone.ch\/fr\/wp-json\/wp\/v2\/product_cat?post=174281"},{"taxonomy":"product_tag","embeddable":true,"href":"https:\/\/osaone.ch\/fr\/wp-json\/wp\/v2\/product_tag?post=174281"}],"curies":[{"name":"wp","href":"https:\/\/api.w.org\/{rel}","templated":true}]}}