{"id":178402,"date":"2024-01-22T14:37:32","date_gmt":"2024-01-22T13:37:32","guid":{"rendered":"https:\/\/osaone.ch\/prodotto\/veste-zippee-avec-poches-3\/"},"modified":"2024-01-22T14:37:32","modified_gmt":"2024-01-22T13:37:32","slug":"veste-zippee-avec-poches-3","status":"publish","type":"product","link":"https:\/\/osaone.ch\/fr\/produit\/veste-zippee-avec-poches-3\/","title":{"rendered":"Veste zipp\u00e9e avec poches"},"content":{"rendered":"<p>Tricot\u00e9, teint dans la masse, laine de premi\u00e8re tonte, avec poches, tr\u00e8s doux, pas de pincement, en usage normal sans frottement, pas de boulochage, couleur NAVY-MULTICOLOR.<\/p>\n<p>CERTIFI\u00c9 PRODUIT ITALIEN<\/p>\n","protected":false},"excerpt":{"rendered":"<p>100% laine m\u00e9rinos<\/p>\n","protected":false},"featured_media":178103,"template":"","meta":{"_seopress_robots_primary_cat":"","_seopress_titles_title":"","_seopress_titles_desc":"","_seopress_robots_index":"","_seopress_analysis_target_kw":""},"product_brand":[],"product_cat":[471,351],"product_tag":[],"class_list":{"0":"post-178402","1":"product","2":"type-product","3":"status-publish","4":"has-post-thumbnail","6":"product_cat-homme-fr","7":"product_cat-vestes","8":"pa_taglia-48-fr","9":"pa_taglia-52-fr","10":"pa_taglia-54-fr","11":"pa_taglia-56-fr","12":"pa_taglia-58-fr","14":"first","15":"instock","16":"sold-individually","17":"shipping-taxable","18":"purchasable","19":"product-type-variable","20":"has-default-attributes"},"_links":{"self":[{"href":"https:\/\/osaone.ch\/fr\/wp-json\/wp\/v2\/product\/178402","targetHints":{"allow":["GET"]}}],"collection":[{"href":"https:\/\/osaone.ch\/fr\/wp-json\/wp\/v2\/product"}],"about":[{"href":"https:\/\/osaone.ch\/fr\/wp-json\/wp\/v2\/types\/product"}],"wp:featuredmedia":[{"embeddable":true,"href":"https:\/\/osaone.ch\/fr\/wp-json\/wp\/v2\/media\/178103"}],"wp:attachment":[{"href":"https:\/\/osaone.ch\/fr\/wp-json\/wp\/v2\/media?parent=178402"}],"wp:term":[{"taxonomy":"product_brand","embeddable":true,"href":"https:\/\/osaone.ch\/fr\/wp-json\/wp\/v2\/product_brand?post=178402"},{"taxonomy":"product_cat","embeddable":true,"href":"https:\/\/osaone.ch\/fr\/wp-json\/wp\/v2\/product_cat?post=178402"},{"taxonomy":"product_tag","embeddable":true,"href":"https:\/\/osaone.ch\/fr\/wp-json\/wp\/v2\/product_tag?post=178402"}],"curies":[{"name":"wp","href":"https:\/\/api.w.org\/{rel}","templated":true}]}}