{"id":178428,"date":"2024-01-22T14:29:46","date_gmt":"2024-01-22T13:29:46","guid":{"rendered":"https:\/\/osaone.ch\/prodotto\/veste-reversible-a-fermeture-eclair-2\/"},"modified":"2024-01-22T14:29:46","modified_gmt":"2024-01-22T13:29:46","slug":"veste-reversible-a-fermeture-eclair-2","status":"publish","type":"product","link":"https:\/\/osaone.ch\/fr\/produit\/veste-reversible-a-fermeture-eclair-2\/","title":{"rendered":"Veste r\u00e9versible \u00e0 fermeture \u00e9clair"},"content":{"rendered":"<p>Tricot\u00e9, teint dans la masse, laine de premi\u00e8re tonte, avec poches, travail de fourrure sur le devant, dos normal, tr\u00e8s doux, sans pincement, en usage normal sans frottement, sans boulochage, couleur GRIS-ANTHRACITE.<\/p>\n<p>CERTIFI\u00c9 PRODUIT ITALIEN<\/p>\n","protected":false},"excerpt":{"rendered":"<p>100% laine m\u00e9rinos<\/p>\n","protected":false},"featured_media":178061,"template":"","meta":{"_seopress_robots_primary_cat":"","_seopress_titles_title":"","_seopress_titles_desc":"","_seopress_robots_index":"","_seopress_analysis_target_kw":""},"product_brand":[],"product_cat":[471,351],"product_tag":[],"class_list":{"0":"post-178428","1":"product","2":"type-product","3":"status-publish","4":"has-post-thumbnail","6":"product_cat-homme-fr","7":"product_cat-vestes","8":"pa_taglia-2xl-fr","9":"pa_taglia-3xl-fr","10":"pa_taglia-l-fr","11":"pa_taglia-m-fr","12":"pa_taglia-s-fr","13":"pa_taglia-xl-fr","15":"first","16":"instock","17":"sold-individually","18":"shipping-taxable","19":"purchasable","20":"product-type-variable","21":"has-default-attributes"},"_links":{"self":[{"href":"https:\/\/osaone.ch\/fr\/wp-json\/wp\/v2\/product\/178428","targetHints":{"allow":["GET"]}}],"collection":[{"href":"https:\/\/osaone.ch\/fr\/wp-json\/wp\/v2\/product"}],"about":[{"href":"https:\/\/osaone.ch\/fr\/wp-json\/wp\/v2\/types\/product"}],"wp:featuredmedia":[{"embeddable":true,"href":"https:\/\/osaone.ch\/fr\/wp-json\/wp\/v2\/media\/178061"}],"wp:attachment":[{"href":"https:\/\/osaone.ch\/fr\/wp-json\/wp\/v2\/media?parent=178428"}],"wp:term":[{"taxonomy":"product_brand","embeddable":true,"href":"https:\/\/osaone.ch\/fr\/wp-json\/wp\/v2\/product_brand?post=178428"},{"taxonomy":"product_cat","embeddable":true,"href":"https:\/\/osaone.ch\/fr\/wp-json\/wp\/v2\/product_cat?post=178428"},{"taxonomy":"product_tag","embeddable":true,"href":"https:\/\/osaone.ch\/fr\/wp-json\/wp\/v2\/product_tag?post=178428"}],"curies":[{"name":"wp","href":"https:\/\/api.w.org\/{rel}","templated":true}]}}