{"id":191834,"date":"2024-03-04T17:49:27","date_gmt":"2024-03-04T16:49:27","guid":{"rendered":"https:\/\/osaone.ch\/prodotto\/cardigan-reversible-a-fermeture-eclair\/"},"modified":"2024-03-27T16:36:26","modified_gmt":"2024-03-27T15:36:26","slug":"cardigan-reversible-a-fermeture-eclair","status":"publish","type":"product","link":"https:\/\/osaone.ch\/fr\/produit\/cardigan-reversible-a-fermeture-eclair\/","title":{"rendered":"Cardigan r\u00e9versible \u00e0 fermeture \u00e9clair"},"content":{"rendered":"<p>Tricot\u00e9, coton teint dans la masse, couleur NAVY-BLUETTE.<\/p>\n<p>CERTIFI\u00c9 PRODUIT ITALIEN<\/p>\n","protected":false},"excerpt":{"rendered":"<p>100% Coton<\/p>\n","protected":false},"featured_media":191171,"template":"","meta":{"_seopress_robots_primary_cat":"none","_seopress_titles_title":"","_seopress_titles_desc":"","_seopress_robots_index":"","_seopress_analysis_target_kw":""},"product_brand":[],"product_cat":[277,281,471],"product_tag":[],"class_list":{"0":"post-191834","1":"product","2":"type-product","3":"status-publish","4":"has-post-thumbnail","6":"product_cat-cardigan-fr","7":"product_cat-cardigan-a-fermeture-eclair","8":"product_cat-homme-fr","9":"pa_taglia-2xl-fr","10":"pa_taglia-l-fr","11":"pa_taglia-m-fr","12":"pa_taglia-xl-fr","14":"first","15":"instock","16":"sold-individually","17":"shipping-taxable","18":"purchasable","19":"product-type-variable","20":"has-default-attributes"},"_links":{"self":[{"href":"https:\/\/osaone.ch\/fr\/wp-json\/wp\/v2\/product\/191834","targetHints":{"allow":["GET"]}}],"collection":[{"href":"https:\/\/osaone.ch\/fr\/wp-json\/wp\/v2\/product"}],"about":[{"href":"https:\/\/osaone.ch\/fr\/wp-json\/wp\/v2\/types\/product"}],"wp:featuredmedia":[{"embeddable":true,"href":"https:\/\/osaone.ch\/fr\/wp-json\/wp\/v2\/media\/191171"}],"wp:attachment":[{"href":"https:\/\/osaone.ch\/fr\/wp-json\/wp\/v2\/media?parent=191834"}],"wp:term":[{"taxonomy":"product_brand","embeddable":true,"href":"https:\/\/osaone.ch\/fr\/wp-json\/wp\/v2\/product_brand?post=191834"},{"taxonomy":"product_cat","embeddable":true,"href":"https:\/\/osaone.ch\/fr\/wp-json\/wp\/v2\/product_cat?post=191834"},{"taxonomy":"product_tag","embeddable":true,"href":"https:\/\/osaone.ch\/fr\/wp-json\/wp\/v2\/product_tag?post=191834"}],"curies":[{"name":"wp","href":"https:\/\/api.w.org\/{rel}","templated":true}]}}