{"id":196826,"date":"2024-03-11T15:38:44","date_gmt":"2024-03-11T14:38:44","guid":{"rendered":"https:\/\/osaone.ch\/prodotto\/cardigan-boutonne-3\/"},"modified":"2024-08-26T13:16:34","modified_gmt":"2024-08-26T11:16:34","slug":"cardigan-boutonne-3","status":"publish","type":"product","link":"https:\/\/osaone.ch\/fr\/produit\/cardigan-boutonne-3\/","title":{"rendered":"Cardigan boutonn\u00e9"},"content":{"rendered":"<p>Tricot\u00e9, teint\u00e9 dans la masse, boutons en nacre, couleur GLICINE. Il peut \u00eatre combin\u00e9 avec la jupe Art. 222-E2251DGL et la camisole Art. 222-E2253DGL. CERTIFI\u00c9 PRODUIT ITALIEN<\/p>\n","protected":false},"excerpt":{"rendered":"<p>84% viscose 16% elit\u00e8<\/p>\n","protected":false},"featured_media":193578,"template":"","meta":{"_seopress_robots_primary_cat":"none","_seopress_titles_title":"","_seopress_titles_desc":"Gilet \u00e0 boutons, tricot\u00e9, teint dans la masse, boutons en nacre, couleur GLICINE.\nChez Osa one, vous trouverez des v\u00eatements certifi\u00e9s italiens fabriqu\u00e9s avec les fils les plus fins.\nLivraison gratuite dans toute la Suisse.  ","_seopress_robots_index":""},"product_brand":[],"product_cat":[314,353,444],"product_tag":[],"class_list":{"0":"post-196826","1":"product","2":"type-product","3":"status-publish","4":"has-post-thumbnail","6":"product_cat-cardigan-fr-2","7":"product_cat-cardigan-boutonne-fr","8":"product_cat-femme","9":"pa_taglia-44-fr","10":"pa_taglia-46-fr","11":"pa_taglia-48-fr","13":"first","14":"instock","15":"sold-individually","16":"shipping-taxable","17":"purchasable","18":"product-type-variable","19":"has-default-attributes"},"_links":{"self":[{"href":"https:\/\/osaone.ch\/fr\/wp-json\/wp\/v2\/product\/196826","targetHints":{"allow":["GET"]}}],"collection":[{"href":"https:\/\/osaone.ch\/fr\/wp-json\/wp\/v2\/product"}],"about":[{"href":"https:\/\/osaone.ch\/fr\/wp-json\/wp\/v2\/types\/product"}],"wp:featuredmedia":[{"embeddable":true,"href":"https:\/\/osaone.ch\/fr\/wp-json\/wp\/v2\/media\/193578"}],"wp:attachment":[{"href":"https:\/\/osaone.ch\/fr\/wp-json\/wp\/v2\/media?parent=196826"}],"wp:term":[{"taxonomy":"product_brand","embeddable":true,"href":"https:\/\/osaone.ch\/fr\/wp-json\/wp\/v2\/product_brand?post=196826"},{"taxonomy":"product_cat","embeddable":true,"href":"https:\/\/osaone.ch\/fr\/wp-json\/wp\/v2\/product_cat?post=196826"},{"taxonomy":"product_tag","embeddable":true,"href":"https:\/\/osaone.ch\/fr\/wp-json\/wp\/v2\/product_tag?post=196826"}],"curies":[{"name":"wp","href":"https:\/\/api.w.org\/{rel}","templated":true}]}}