{"id":196861,"date":"2024-03-11T15:33:54","date_gmt":"2024-03-11T14:33:54","guid":{"rendered":"https:\/\/osaone.ch\/prodotto\/jupe-2\/"},"modified":"2024-08-26T13:16:37","modified_gmt":"2024-08-26T11:16:37","slug":"jupe-2","status":"publish","type":"product","link":"https:\/\/osaone.ch\/fr\/produit\/jupe-2\/","title":{"rendered":"Jupe"},"content":{"rendered":"<p>Tricot\u00e9e, teint\u00e9e en fil, la jupe a une demi-doublure et une taille \u00e9lastique, couleur GLICINE. Il peut \u00eatre combin\u00e9 avec la camisole art. 222-E2235DGL et le cardigan art. 222-E2245DGL. CERTIFI\u00c9 PRODUIT ITALIEN<\/p>\n","protected":false},"excerpt":{"rendered":"<p>84% viscose 16% elit\u00e8<\/p>\n","protected":false},"featured_media":193560,"template":"","meta":{"_seopress_robots_primary_cat":"none","_seopress_titles_title":"","_seopress_titles_desc":"Jupe en tricot, teint\u00e9e dans la masse, avec demi-doublure, couleur GLICINE.\nChez Osa One, vous trouverez des v\u00eatements italiens certifi\u00e9s, fabriqu\u00e9s avec les fils les plus fins.\nLivraison gratuite dans toute la Suisse.  ","_seopress_robots_index":""},"product_brand":[],"product_cat":[444,396],"product_tag":[],"class_list":{"0":"post-196861","1":"product","2":"type-product","3":"status-publish","4":"has-post-thumbnail","6":"product_cat-femme","7":"product_cat-jupes","8":"pa_taglia-44-fr","9":"pa_taglia-46-fr","10":"pa_taglia-48-fr","12":"first","13":"instock","14":"sold-individually","15":"shipping-taxable","16":"purchasable","17":"product-type-variable","18":"has-default-attributes"},"_links":{"self":[{"href":"https:\/\/osaone.ch\/fr\/wp-json\/wp\/v2\/product\/196861","targetHints":{"allow":["GET"]}}],"collection":[{"href":"https:\/\/osaone.ch\/fr\/wp-json\/wp\/v2\/product"}],"about":[{"href":"https:\/\/osaone.ch\/fr\/wp-json\/wp\/v2\/types\/product"}],"wp:featuredmedia":[{"embeddable":true,"href":"https:\/\/osaone.ch\/fr\/wp-json\/wp\/v2\/media\/193560"}],"wp:attachment":[{"href":"https:\/\/osaone.ch\/fr\/wp-json\/wp\/v2\/media?parent=196861"}],"wp:term":[{"taxonomy":"product_brand","embeddable":true,"href":"https:\/\/osaone.ch\/fr\/wp-json\/wp\/v2\/product_brand?post=196861"},{"taxonomy":"product_cat","embeddable":true,"href":"https:\/\/osaone.ch\/fr\/wp-json\/wp\/v2\/product_cat?post=196861"},{"taxonomy":"product_tag","embeddable":true,"href":"https:\/\/osaone.ch\/fr\/wp-json\/wp\/v2\/product_tag?post=196861"}],"curies":[{"name":"wp","href":"https:\/\/api.w.org\/{rel}","templated":true}]}}