{"id":196869,"date":"2024-03-11T15:43:24","date_gmt":"2024-03-11T14:43:24","guid":{"rendered":"https:\/\/osaone.ch\/prodotto\/debardeur\/"},"modified":"2024-08-26T13:11:20","modified_gmt":"2024-08-26T11:11:20","slug":"debardeur","status":"publish","type":"product","link":"https:\/\/osaone.ch\/fr\/produit\/debardeur\/","title":{"rendered":"D\u00e9bardeur"},"content":{"rendered":"<p>Tricot\u00e9, teint dans la masse, couleur GLICINE. Il peut \u00eatre combin\u00e9 avec la jupe art. 222-E2251DGL et le cardigan art. 222-E2245DGL. CERTIFI\u00c9 PRODUIT ITALIEN<\/p>\n","protected":false},"excerpt":{"rendered":"<p>84% viscose 16% elit\u00e8<\/p>\n","protected":false},"featured_media":193592,"template":"","meta":{"_seopress_robots_primary_cat":"none","_seopress_titles_title":"Gilet en maille | Osa One Quality Clothing","_seopress_titles_desc":"D\u00e9bardeur en tricot, teint dans la masse, couleur GLICINE.\nChez Osa one, vous trouverez des v\u00eatements italiens certifi\u00e9s, fabriqu\u00e9s avec des fils de haute qualit\u00e9.\nLivraison gratuite dans toute la Suisse.  ","_seopress_robots_index":""},"product_brand":[],"product_cat":[342,444,286],"product_tag":[],"class_list":{"0":"post-196869","1":"product","2":"type-product","3":"status-publish","4":"has-post-thumbnail","6":"product_cat-autres-types-fr","7":"product_cat-femme","8":"product_cat-maillots-fr","9":"pa_taglia-44-fr","10":"pa_taglia-46-fr","11":"pa_taglia-48-fr","13":"first","14":"instock","15":"sold-individually","16":"shipping-taxable","17":"purchasable","18":"product-type-variable","19":"has-default-attributes"},"_links":{"self":[{"href":"https:\/\/osaone.ch\/fr\/wp-json\/wp\/v2\/product\/196869","targetHints":{"allow":["GET"]}}],"collection":[{"href":"https:\/\/osaone.ch\/fr\/wp-json\/wp\/v2\/product"}],"about":[{"href":"https:\/\/osaone.ch\/fr\/wp-json\/wp\/v2\/types\/product"}],"wp:featuredmedia":[{"embeddable":true,"href":"https:\/\/osaone.ch\/fr\/wp-json\/wp\/v2\/media\/193592"}],"wp:attachment":[{"href":"https:\/\/osaone.ch\/fr\/wp-json\/wp\/v2\/media?parent=196869"}],"wp:term":[{"taxonomy":"product_brand","embeddable":true,"href":"https:\/\/osaone.ch\/fr\/wp-json\/wp\/v2\/product_brand?post=196869"},{"taxonomy":"product_cat","embeddable":true,"href":"https:\/\/osaone.ch\/fr\/wp-json\/wp\/v2\/product_cat?post=196869"},{"taxonomy":"product_tag","embeddable":true,"href":"https:\/\/osaone.ch\/fr\/wp-json\/wp\/v2\/product_tag?post=196869"}],"curies":[{"name":"wp","href":"https:\/\/api.w.org\/{rel}","templated":true}]}}