{"id":223742,"date":"2024-10-03T14:04:11","date_gmt":"2024-10-03T12:04:11","guid":{"rendered":"https:\/\/osaone.ch\/prodotto\/cardigan-laine\/"},"modified":"2024-10-03T14:04:11","modified_gmt":"2024-10-03T12:04:11","slug":"cardigan-laine","status":"publish","type":"product","link":"https:\/\/osaone.ch\/fr\/produit\/cardigan-laine\/","title":{"rendered":"Cardigan &#8211; Laine"},"content":{"rendered":"<p>Le v\u00eatement a des poches, tricot\u00e9, laine de premi\u00e8re tonte, teint\u00e9e dans la masse, tr\u00e8s douce, ne pince pas, dans des conditions normales il n&rsquo;y a pas de formation de points.<br \/>\nCouleur : NOIR &#8211; MULTICOLORE PRODUIT ITALIEN CERTIFI\u00c9 <\/p>\n","protected":false},"excerpt":{"rendered":"<p>100% laine m\u00e9rinos<\/p>\n","protected":false},"featured_media":223529,"template":"","meta":{"_seopress_robots_primary_cat":"","_seopress_titles_title":"","_seopress_titles_desc":"","_seopress_robots_index":""},"product_brand":[],"product_cat":[277,281,471],"product_tag":[],"class_list":{"0":"post-223742","1":"product","2":"type-product","3":"status-publish","4":"has-post-thumbnail","6":"product_cat-cardigan-fr","7":"product_cat-cardigan-a-fermeture-eclair","8":"product_cat-homme-fr","9":"pa_taglia-48-fr","10":"pa_taglia-50-fr","11":"pa_taglia-52-fr","12":"pa_taglia-54-fr","13":"pa_taglia-56-fr","14":"pa_taglia-58-fr","16":"first","17":"instock","18":"sold-individually","19":"shipping-taxable","20":"purchasable","21":"product-type-variable"},"_links":{"self":[{"href":"https:\/\/osaone.ch\/fr\/wp-json\/wp\/v2\/product\/223742","targetHints":{"allow":["GET"]}}],"collection":[{"href":"https:\/\/osaone.ch\/fr\/wp-json\/wp\/v2\/product"}],"about":[{"href":"https:\/\/osaone.ch\/fr\/wp-json\/wp\/v2\/types\/product"}],"wp:featuredmedia":[{"embeddable":true,"href":"https:\/\/osaone.ch\/fr\/wp-json\/wp\/v2\/media\/223529"}],"wp:attachment":[{"href":"https:\/\/osaone.ch\/fr\/wp-json\/wp\/v2\/media?parent=223742"}],"wp:term":[{"taxonomy":"product_brand","embeddable":true,"href":"https:\/\/osaone.ch\/fr\/wp-json\/wp\/v2\/product_brand?post=223742"},{"taxonomy":"product_cat","embeddable":true,"href":"https:\/\/osaone.ch\/fr\/wp-json\/wp\/v2\/product_cat?post=223742"},{"taxonomy":"product_tag","embeddable":true,"href":"https:\/\/osaone.ch\/fr\/wp-json\/wp\/v2\/product_tag?post=223742"}],"curies":[{"name":"wp","href":"https:\/\/api.w.org\/{rel}","templated":true}]}}