{"id":223769,"date":"2024-10-03T14:37:02","date_gmt":"2024-10-03T12:37:02","guid":{"rendered":"https:\/\/osaone.ch\/prodotto\/echarpe-laine\/"},"modified":"2024-10-03T14:37:02","modified_gmt":"2024-10-03T12:37:02","slug":"echarpe-laine","status":"publish","type":"product","link":"https:\/\/osaone.ch\/fr\/produit\/echarpe-laine\/","title":{"rendered":"Echarpe &#8211; Laine"},"content":{"rendered":"<p>Tricot\u00e9e, laine de premi\u00e8re tonte, imprim\u00e9e, tr\u00e8s douce, ne pince pas, dans des conditions normales d&rsquo;utilisation, pas de froncement. Peut \u00eatre combin\u00e9 avec le cardigan boutonn\u00e9 art. 122-I2224 Couleur : PANNA &#8211; MULTICOLOR ITALIAN CERTIFIED PRODUCT<\/p>\n","protected":false},"excerpt":{"rendered":"<p>100% laine m\u00e9rinos<\/p>\n","protected":false},"featured_media":223562,"template":"","meta":{"_seopress_robots_primary_cat":"","_seopress_titles_title":"","_seopress_titles_desc":"","_seopress_robots_index":""},"product_brand":[],"product_cat":[444,380],"product_tag":[],"class_list":{"0":"post-223769","1":"product","2":"type-product","3":"status-publish","4":"has-post-thumbnail","6":"product_cat-femme","7":"product_cat-manteaux-et-ponchos","8":"pa_taglia-uni-fr","10":"first","11":"instock","12":"shipping-taxable","13":"purchasable","14":"product-type-simple"},"_links":{"self":[{"href":"https:\/\/osaone.ch\/fr\/wp-json\/wp\/v2\/product\/223769","targetHints":{"allow":["GET"]}}],"collection":[{"href":"https:\/\/osaone.ch\/fr\/wp-json\/wp\/v2\/product"}],"about":[{"href":"https:\/\/osaone.ch\/fr\/wp-json\/wp\/v2\/types\/product"}],"wp:featuredmedia":[{"embeddable":true,"href":"https:\/\/osaone.ch\/fr\/wp-json\/wp\/v2\/media\/223562"}],"wp:attachment":[{"href":"https:\/\/osaone.ch\/fr\/wp-json\/wp\/v2\/media?parent=223769"}],"wp:term":[{"taxonomy":"product_brand","embeddable":true,"href":"https:\/\/osaone.ch\/fr\/wp-json\/wp\/v2\/product_brand?post=223769"},{"taxonomy":"product_cat","embeddable":true,"href":"https:\/\/osaone.ch\/fr\/wp-json\/wp\/v2\/product_cat?post=223769"},{"taxonomy":"product_tag","embeddable":true,"href":"https:\/\/osaone.ch\/fr\/wp-json\/wp\/v2\/product_tag?post=223769"}],"curies":[{"name":"wp","href":"https:\/\/api.w.org\/{rel}","templated":true}]}}