{"id":223785,"date":"2024-10-03T14:47:49","date_gmt":"2024-10-03T12:47:49","guid":{"rendered":"https:\/\/osaone.ch\/prodotto\/cardigan-laine-2\/"},"modified":"2024-10-03T14:47:49","modified_gmt":"2024-10-03T12:47:49","slug":"cardigan-laine-2","status":"publish","type":"product","link":"https:\/\/osaone.ch\/fr\/produit\/cardigan-laine-2\/","title":{"rendered":"Cardigan &#8211; Laine"},"content":{"rendered":"<p>Boutons Swarovski et nacre, tricot\u00e9, premi\u00e8re laine de tonte, imprim\u00e9, tr\u00e8s doux, ne pince pas, dans des conditions normales d&rsquo;utilisation pas de formation de points.<br \/>\nPeut \u00eatre combin\u00e9 avec l&rsquo;\u00e9charpe art. 122-I2262 Couleur : NAPAN &#8211; MULTICOLORE PRODUIT ITALIEN CERTIFI\u00c9 <\/p>\n","protected":false},"excerpt":{"rendered":"<p>100% laine m\u00e9rinos<\/p>\n","protected":false},"featured_media":223573,"template":"","meta":{"_seopress_robots_primary_cat":"","_seopress_titles_title":"","_seopress_titles_desc":"","_seopress_robots_index":""},"product_brand":[],"product_cat":[314,353,444],"product_tag":[],"class_list":{"0":"post-223785","1":"product","2":"type-product","3":"status-publish","4":"has-post-thumbnail","6":"product_cat-cardigan-fr-2","7":"product_cat-cardigan-boutonne-fr","8":"product_cat-femme","9":"pa_taglia-44-fr","10":"pa_taglia-46-fr","11":"pa_taglia-48-fr","12":"pa_taglia-50-fr","13":"pa_taglia-52-fr","15":"first","16":"instock","17":"sold-individually","18":"shipping-taxable","19":"purchasable","20":"product-type-variable"},"_links":{"self":[{"href":"https:\/\/osaone.ch\/fr\/wp-json\/wp\/v2\/product\/223785","targetHints":{"allow":["GET"]}}],"collection":[{"href":"https:\/\/osaone.ch\/fr\/wp-json\/wp\/v2\/product"}],"about":[{"href":"https:\/\/osaone.ch\/fr\/wp-json\/wp\/v2\/types\/product"}],"wp:featuredmedia":[{"embeddable":true,"href":"https:\/\/osaone.ch\/fr\/wp-json\/wp\/v2\/media\/223573"}],"wp:attachment":[{"href":"https:\/\/osaone.ch\/fr\/wp-json\/wp\/v2\/media?parent=223785"}],"wp:term":[{"taxonomy":"product_brand","embeddable":true,"href":"https:\/\/osaone.ch\/fr\/wp-json\/wp\/v2\/product_brand?post=223785"},{"taxonomy":"product_cat","embeddable":true,"href":"https:\/\/osaone.ch\/fr\/wp-json\/wp\/v2\/product_cat?post=223785"},{"taxonomy":"product_tag","embeddable":true,"href":"https:\/\/osaone.ch\/fr\/wp-json\/wp\/v2\/product_tag?post=223785"}],"curies":[{"name":"wp","href":"https:\/\/api.w.org\/{rel}","templated":true}]}}