{"id":223793,"date":"2024-10-03T15:03:04","date_gmt":"2024-10-03T13:03:04","guid":{"rendered":"https:\/\/osaone.ch\/prodotto\/pull-laine\/"},"modified":"2024-10-03T15:03:04","modified_gmt":"2024-10-03T13:03:04","slug":"pull-laine","status":"publish","type":"product","link":"https:\/\/osaone.ch\/fr\/produit\/pull-laine\/","title":{"rendered":"Pull &#8211; Laine"},"content":{"rendered":"<p>Le pull est long et ressemble \u00e0 un cardigan, mais il est cousu, avec des boutons en nacre. Tricot\u00e9, laine de premi\u00e8re tonte, teint\u00e9e en fil, tr\u00e8s doux, ne pince pas, dans des conditions normales pas de plissement. Couleur : NAVY PRODUIT ITALIEN CERTIFI\u00c9  &nbsp;<\/p>\n","protected":false},"excerpt":{"rendered":"<p>100% laine m\u00e9rinos<\/p>\n","protected":false},"featured_media":223589,"template":"","meta":{"_seopress_robots_primary_cat":"","_seopress_titles_title":"","_seopress_titles_desc":"","_seopress_robots_index":""},"product_brand":[],"product_cat":[287,444,286],"product_tag":[],"class_list":{"0":"post-223793","1":"product","2":"type-product","3":"status-publish","4":"has-post-thumbnail","6":"product_cat-chemises-a-manches-longues","7":"product_cat-femme","8":"product_cat-maillots-fr","9":"pa_taglia-44-fr","10":"pa_taglia-46-fr","11":"pa_taglia-48-fr","12":"pa_taglia-50-fr","13":"pa_taglia-52-fr","14":"pa_taglia-54-fr","16":"first","17":"instock","18":"sold-individually","19":"shipping-taxable","20":"purchasable","21":"product-type-variable"},"_links":{"self":[{"href":"https:\/\/osaone.ch\/fr\/wp-json\/wp\/v2\/product\/223793","targetHints":{"allow":["GET"]}}],"collection":[{"href":"https:\/\/osaone.ch\/fr\/wp-json\/wp\/v2\/product"}],"about":[{"href":"https:\/\/osaone.ch\/fr\/wp-json\/wp\/v2\/types\/product"}],"wp:featuredmedia":[{"embeddable":true,"href":"https:\/\/osaone.ch\/fr\/wp-json\/wp\/v2\/media\/223589"}],"wp:attachment":[{"href":"https:\/\/osaone.ch\/fr\/wp-json\/wp\/v2\/media?parent=223793"}],"wp:term":[{"taxonomy":"product_brand","embeddable":true,"href":"https:\/\/osaone.ch\/fr\/wp-json\/wp\/v2\/product_brand?post=223793"},{"taxonomy":"product_cat","embeddable":true,"href":"https:\/\/osaone.ch\/fr\/wp-json\/wp\/v2\/product_cat?post=223793"},{"taxonomy":"product_tag","embeddable":true,"href":"https:\/\/osaone.ch\/fr\/wp-json\/wp\/v2\/product_tag?post=223793"}],"curies":[{"name":"wp","href":"https:\/\/api.w.org\/{rel}","templated":true}]}}