{"id":223872,"date":"2024-10-14T17:41:49","date_gmt":"2024-10-14T15:41:49","guid":{"rendered":"https:\/\/osaone.ch\/prodotto\/tricot-laine\/"},"modified":"2024-10-14T17:41:49","modified_gmt":"2024-10-14T15:41:49","slug":"tricot-laine","status":"publish","type":"product","link":"https:\/\/osaone.ch\/fr\/produit\/tricot-laine\/","title":{"rendered":"Tricot &#8211; Laine"},"content":{"rendered":"<p>Tricot\u00e9, laine de premi\u00e8re tonte, teint\u00e9e dans la masse, tr\u00e8s doux, ne pince pas, dans des conditions normales aucun point ne se forme, col roul\u00e9 doux, imprim\u00e9 de pois argent\u00e9s, m\u00eame apr\u00e8s de nombreux lavages l&rsquo;impression reste inchang\u00e9e.<\/p>\n","protected":false},"excerpt":{"rendered":"<p>100% laine m\u00e9rinos<\/p>\n","protected":false},"featured_media":223714,"template":"","meta":{"_seopress_robots_primary_cat":"none","_seopress_titles_title":"","_seopress_titles_desc":"","_seopress_robots_index":""},"product_brand":[],"product_cat":[287,444,286],"product_tag":[],"class_list":{"0":"post-223872","1":"product","2":"type-product","3":"status-publish","4":"has-post-thumbnail","6":"product_cat-chemises-a-manches-longues","7":"product_cat-femme","8":"product_cat-maillots-fr","9":"pa_taglia-2xl-fr","10":"pa_taglia-3xl-fr","11":"pa_taglia-l-fr","12":"pa_taglia-m-fr","13":"pa_taglia-xl-fr","15":"first","16":"instock","17":"sold-individually","18":"shipping-taxable","19":"purchasable","20":"product-type-variable"},"_links":{"self":[{"href":"https:\/\/osaone.ch\/fr\/wp-json\/wp\/v2\/product\/223872","targetHints":{"allow":["GET"]}}],"collection":[{"href":"https:\/\/osaone.ch\/fr\/wp-json\/wp\/v2\/product"}],"about":[{"href":"https:\/\/osaone.ch\/fr\/wp-json\/wp\/v2\/types\/product"}],"wp:featuredmedia":[{"embeddable":true,"href":"https:\/\/osaone.ch\/fr\/wp-json\/wp\/v2\/media\/223714"}],"wp:attachment":[{"href":"https:\/\/osaone.ch\/fr\/wp-json\/wp\/v2\/media?parent=223872"}],"wp:term":[{"taxonomy":"product_brand","embeddable":true,"href":"https:\/\/osaone.ch\/fr\/wp-json\/wp\/v2\/product_brand?post=223872"},{"taxonomy":"product_cat","embeddable":true,"href":"https:\/\/osaone.ch\/fr\/wp-json\/wp\/v2\/product_cat?post=223872"},{"taxonomy":"product_tag","embeddable":true,"href":"https:\/\/osaone.ch\/fr\/wp-json\/wp\/v2\/product_tag?post=223872"}],"curies":[{"name":"wp","href":"https:\/\/api.w.org\/{rel}","templated":true}]}}