{"id":224081,"date":"2024-11-08T11:06:24","date_gmt":"2024-11-08T10:06:24","guid":{"rendered":"https:\/\/osaone.ch\/prodotto\/pantalon-laine-2\/"},"modified":"2024-11-08T11:06:24","modified_gmt":"2024-11-08T10:06:24","slug":"pantalon-laine-2","status":"publish","type":"product","link":"https:\/\/osaone.ch\/fr\/produit\/pantalon-laine-2\/","title":{"rendered":"Pantalon &#8211; Laine"},"content":{"rendered":"<p>Tricot\u00e9, teint dans la masse, premi\u00e8re laine de tonte, tr\u00e8s doux, ne pince pas, ceinture \u00e9lastique. Couleur : NAVY PRODUIT CERTIFI\u00c9 ITALIEN<\/p>\n","protected":false},"excerpt":{"rendered":"<p>100% laine m\u00e9rinos<\/p>\n","protected":false},"featured_media":0,"template":"","meta":{"_seopress_robots_primary_cat":"","_seopress_titles_title":"","_seopress_titles_desc":"","_seopress_robots_index":""},"product_brand":[],"product_cat":[444,275],"product_tag":[],"class_list":{"0":"post-224081","1":"product","2":"type-product","3":"status-publish","5":"product_cat-femme","6":"product_cat-pantalon","7":"pa_taglia-44-fr","8":"pa_taglia-46-fr","9":"pa_taglia-48-fr","10":"pa_taglia-50-fr","11":"pa_taglia-52-fr","12":"pa_taglia-54-fr","13":"pa_taglia-56-fr","15":"first","16":"instock","17":"sold-individually","18":"shipping-taxable","19":"purchasable","20":"product-type-variable"},"_links":{"self":[{"href":"https:\/\/osaone.ch\/fr\/wp-json\/wp\/v2\/product\/224081","targetHints":{"allow":["GET"]}}],"collection":[{"href":"https:\/\/osaone.ch\/fr\/wp-json\/wp\/v2\/product"}],"about":[{"href":"https:\/\/osaone.ch\/fr\/wp-json\/wp\/v2\/types\/product"}],"wp:attachment":[{"href":"https:\/\/osaone.ch\/fr\/wp-json\/wp\/v2\/media?parent=224081"}],"wp:term":[{"taxonomy":"product_brand","embeddable":true,"href":"https:\/\/osaone.ch\/fr\/wp-json\/wp\/v2\/product_brand?post=224081"},{"taxonomy":"product_cat","embeddable":true,"href":"https:\/\/osaone.ch\/fr\/wp-json\/wp\/v2\/product_cat?post=224081"},{"taxonomy":"product_tag","embeddable":true,"href":"https:\/\/osaone.ch\/fr\/wp-json\/wp\/v2\/product_tag?post=224081"}],"curies":[{"name":"wp","href":"https:\/\/api.w.org\/{rel}","templated":true}]}}