{"id":224568,"date":"2025-01-20T12:08:41","date_gmt":"2025-01-20T11:08:41","guid":{"rendered":"https:\/\/osaone.ch\/prodotto\/cardigan-avec-poches-laine-2\/"},"modified":"2025-01-20T12:08:41","modified_gmt":"2025-01-20T11:08:41","slug":"cardigan-avec-poches-laine-2","status":"publish","type":"product","link":"https:\/\/osaone.ch\/fr\/produit\/cardigan-avec-poches-laine-2\/","title":{"rendered":"Cardigan avec poches &#8211; Laine"},"content":{"rendered":"<p>Tricotage, laine de premi\u00e8re tonte, teint\u00e9e dans la masse, tr\u00e8s douce, ne pince pas, ne forme pas de points dans des conditions normales. Couleur : Avio &#8211; Multicolore PRODUIT ITALIEN CERTIFI\u00c9<\/p>\n","protected":false},"excerpt":{"rendered":"<p>100% laine m\u00e9rinos<\/p>\n","protected":false},"featured_media":0,"template":"","meta":{"_seopress_robots_primary_cat":"","_seopress_titles_title":"","_seopress_titles_desc":"","_seopress_robots_index":"","_seopress_analysis_target_kw":""},"product_brand":[],"product_cat":[277,281,471],"product_tag":[],"class_list":{"0":"post-224568","1":"product","2":"type-product","3":"status-publish","5":"product_cat-cardigan-fr","6":"product_cat-cardigan-a-fermeture-eclair","7":"product_cat-homme-fr","8":"pa_taglia-48-fr","9":"pa_taglia-50-fr","10":"pa_taglia-52-fr","11":"pa_taglia-54-fr","12":"pa_taglia-56-fr","14":"first","15":"instock","16":"sold-individually","17":"shipping-taxable","18":"purchasable","19":"product-type-variable"},"_links":{"self":[{"href":"https:\/\/osaone.ch\/fr\/wp-json\/wp\/v2\/product\/224568","targetHints":{"allow":["GET"]}}],"collection":[{"href":"https:\/\/osaone.ch\/fr\/wp-json\/wp\/v2\/product"}],"about":[{"href":"https:\/\/osaone.ch\/fr\/wp-json\/wp\/v2\/types\/product"}],"wp:attachment":[{"href":"https:\/\/osaone.ch\/fr\/wp-json\/wp\/v2\/media?parent=224568"}],"wp:term":[{"taxonomy":"product_brand","embeddable":true,"href":"https:\/\/osaone.ch\/fr\/wp-json\/wp\/v2\/product_brand?post=224568"},{"taxonomy":"product_cat","embeddable":true,"href":"https:\/\/osaone.ch\/fr\/wp-json\/wp\/v2\/product_cat?post=224568"},{"taxonomy":"product_tag","embeddable":true,"href":"https:\/\/osaone.ch\/fr\/wp-json\/wp\/v2\/product_tag?post=224568"}],"curies":[{"name":"wp","href":"https:\/\/api.w.org\/{rel}","templated":true}]}}