{"id":224628,"date":"2025-01-20T12:29:10","date_gmt":"2025-01-20T11:29:10","guid":{"rendered":"https:\/\/osaone.ch\/prodotto\/veste-laine-2\/"},"modified":"2025-01-20T12:29:10","modified_gmt":"2025-01-20T11:29:10","slug":"veste-laine-2","status":"publish","type":"product","link":"https:\/\/osaone.ch\/fr\/produit\/veste-laine-2\/","title":{"rendered":"Veste &#8211; Laine"},"content":{"rendered":"<p>Tricot\u00e9e, laine de premi\u00e8re tonte, teint\u00e9e dans la masse, tr\u00e8s douce, ne d\u00e9mange pas, dans des conditions normales pas de plis, veste chaude de poids moyen, fermeture \u00e0 1 bouton. Couleur : Noir &#8211; Anthracite PRODUIT ITALIEN CERTIFI\u00c9<\/p>\n","protected":false},"excerpt":{"rendered":"<p>100% laine m\u00e9rinos<\/p>\n","protected":false},"featured_media":224200,"template":"","meta":{"_seopress_robots_primary_cat":"","_seopress_titles_title":"","_seopress_titles_desc":"","_seopress_robots_index":"","_seopress_analysis_target_kw":""},"product_brand":[],"product_cat":[444,386],"product_tag":[],"class_list":{"0":"post-224628","1":"product","2":"type-product","3":"status-publish","4":"has-post-thumbnail","6":"product_cat-femme","7":"product_cat-vestes-fr","8":"pa_taglia-44-fr","9":"pa_taglia-46-fr","10":"pa_taglia-48-fr","11":"pa_taglia-50-fr","12":"pa_taglia-52-fr","13":"pa_taglia-54-fr","15":"first","16":"instock","17":"sold-individually","18":"shipping-taxable","19":"purchasable","20":"product-type-variable"},"_links":{"self":[{"href":"https:\/\/osaone.ch\/fr\/wp-json\/wp\/v2\/product\/224628","targetHints":{"allow":["GET"]}}],"collection":[{"href":"https:\/\/osaone.ch\/fr\/wp-json\/wp\/v2\/product"}],"about":[{"href":"https:\/\/osaone.ch\/fr\/wp-json\/wp\/v2\/types\/product"}],"wp:featuredmedia":[{"embeddable":true,"href":"https:\/\/osaone.ch\/fr\/wp-json\/wp\/v2\/media\/224200"}],"wp:attachment":[{"href":"https:\/\/osaone.ch\/fr\/wp-json\/wp\/v2\/media?parent=224628"}],"wp:term":[{"taxonomy":"product_brand","embeddable":true,"href":"https:\/\/osaone.ch\/fr\/wp-json\/wp\/v2\/product_brand?post=224628"},{"taxonomy":"product_cat","embeddable":true,"href":"https:\/\/osaone.ch\/fr\/wp-json\/wp\/v2\/product_cat?post=224628"},{"taxonomy":"product_tag","embeddable":true,"href":"https:\/\/osaone.ch\/fr\/wp-json\/wp\/v2\/product_tag?post=224628"}],"curies":[{"name":"wp","href":"https:\/\/api.w.org\/{rel}","templated":true}]}}