{"id":224757,"date":"2025-01-20T12:34:16","date_gmt":"2025-01-20T11:34:16","guid":{"rendered":"https:\/\/osaone.ch\/prodotto\/col-ras-du-cou-laine-3\/"},"modified":"2025-01-20T12:34:16","modified_gmt":"2025-01-20T11:34:16","slug":"col-ras-du-cou-laine-3","status":"publish","type":"product","link":"https:\/\/osaone.ch\/fr\/produit\/col-ras-du-cou-laine-3\/","title":{"rendered":"Col ras du cou &#8211; Laine"},"content":{"rendered":"<p>Tricotage, laine de premi\u00e8re tonte, teint\u00e9e dans la masse, tr\u00e8s douce, ne pince pas, ne forme pas de points dans des conditions normales. Couleur : Blanc PRODUIT ITALIEN CERTIFI\u00c9<\/p>\n","protected":false},"excerpt":{"rendered":"<p>100% laine m\u00e9rinos<\/p>\n","protected":false},"featured_media":224213,"template":"","meta":{"_seopress_robots_primary_cat":"","_seopress_titles_title":"","_seopress_titles_desc":"","_seopress_robots_index":"","_seopress_analysis_target_kw":""},"product_brand":[],"product_cat":[287,444,286],"product_tag":[],"class_list":{"0":"post-224757","1":"product","2":"type-product","3":"status-publish","4":"has-post-thumbnail","6":"product_cat-chemises-a-manches-longues","7":"product_cat-femme","8":"product_cat-maillots-fr","9":"pa_taglia-3xl-fr","10":"pa_taglia-4xl-fr","11":"pa_taglia-l-fr","12":"pa_taglia-m-fr","13":"pa_taglia-s-fr","15":"first","16":"instock","17":"sold-individually","18":"shipping-taxable","19":"purchasable","20":"product-type-variable"},"_links":{"self":[{"href":"https:\/\/osaone.ch\/fr\/wp-json\/wp\/v2\/product\/224757","targetHints":{"allow":["GET"]}}],"collection":[{"href":"https:\/\/osaone.ch\/fr\/wp-json\/wp\/v2\/product"}],"about":[{"href":"https:\/\/osaone.ch\/fr\/wp-json\/wp\/v2\/types\/product"}],"wp:featuredmedia":[{"embeddable":true,"href":"https:\/\/osaone.ch\/fr\/wp-json\/wp\/v2\/media\/224213"}],"wp:attachment":[{"href":"https:\/\/osaone.ch\/fr\/wp-json\/wp\/v2\/media?parent=224757"}],"wp:term":[{"taxonomy":"product_brand","embeddable":true,"href":"https:\/\/osaone.ch\/fr\/wp-json\/wp\/v2\/product_brand?post=224757"},{"taxonomy":"product_cat","embeddable":true,"href":"https:\/\/osaone.ch\/fr\/wp-json\/wp\/v2\/product_cat?post=224757"},{"taxonomy":"product_tag","embeddable":true,"href":"https:\/\/osaone.ch\/fr\/wp-json\/wp\/v2\/product_tag?post=224757"}],"curies":[{"name":"wp","href":"https:\/\/api.w.org\/{rel}","templated":true}]}}