{"id":33306,"date":"2017-03-15T09:11:55","date_gmt":"2017-03-15T08:11:55","guid":{"rendered":"https:\/\/osaone.ch\/prodotto\/pull-a-col-bateau\/"},"modified":"2024-10-31T11:21:55","modified_gmt":"2024-10-31T10:21:55","slug":"tricot-couleur-barrel","status":"publish","type":"product","link":"https:\/\/osaone.ch\/fr\/produit\/tricot-couleur-barrel\/","title":{"rendered":"Pull \u00e0 col bateau"},"content":{"rendered":"<p>Tricot\u00e9, le coton est teint en fil. PRODUIT ITALIEN CERTIFI\u00c9  <\/p>\n","protected":false},"excerpt":{"rendered":"<p>100% coton mak\u00f2<\/p>\n","protected":false},"featured_media":223627,"template":"","meta":{"_seopress_robots_primary_cat":"none","_seopress_titles_title":"","_seopress_titles_desc":"","_seopress_robots_index":""},"product_brand":[],"product_cat":[287,286],"product_tag":[],"class_list":{"0":"post-33306","1":"product","2":"type-product","3":"status-publish","4":"has-post-thumbnail","6":"product_cat-chemises-a-manches-longues","7":"product_cat-maillots-fr","8":"pa_taglia-taille-44","9":"pa_taglia-taille-46","10":"pa_taglia-taille-48","11":"pa_taglia-taille-50","12":"pa_taglia-taille-52","14":"first","15":"instock","16":"shipping-taxable","17":"purchasable","18":"product-type-variable"},"_links":{"self":[{"href":"https:\/\/osaone.ch\/fr\/wp-json\/wp\/v2\/product\/33306","targetHints":{"allow":["GET"]}}],"collection":[{"href":"https:\/\/osaone.ch\/fr\/wp-json\/wp\/v2\/product"}],"about":[{"href":"https:\/\/osaone.ch\/fr\/wp-json\/wp\/v2\/types\/product"}],"wp:featuredmedia":[{"embeddable":true,"href":"https:\/\/osaone.ch\/fr\/wp-json\/wp\/v2\/media\/223627"}],"wp:attachment":[{"href":"https:\/\/osaone.ch\/fr\/wp-json\/wp\/v2\/media?parent=33306"}],"wp:term":[{"taxonomy":"product_brand","embeddable":true,"href":"https:\/\/osaone.ch\/fr\/wp-json\/wp\/v2\/product_brand?post=33306"},{"taxonomy":"product_cat","embeddable":true,"href":"https:\/\/osaone.ch\/fr\/wp-json\/wp\/v2\/product_cat?post=33306"},{"taxonomy":"product_tag","embeddable":true,"href":"https:\/\/osaone.ch\/fr\/wp-json\/wp\/v2\/product_tag?post=33306"}],"curies":[{"name":"wp","href":"https:\/\/api.w.org\/{rel}","templated":true}]}}