{"id":33456,"date":"2017-07-12T14:31:10","date_gmt":"2017-07-12T12:31:10","guid":{"rendered":"https:\/\/osaone.ch\/prodotto\/cardigan-a-fermeture-eclair-complete\/"},"modified":"2017-07-12T14:31:10","modified_gmt":"2017-07-12T12:31:10","slug":"cardigan-zip-interieur-1","status":"publish","type":"product","link":"https:\/\/osaone.ch\/fr\/produit\/cardigan-zip-interieur-1\/","title":{"rendered":"Cardigan \u00e0 fermeture \u00e9clair compl\u00e8te"},"content":{"rendered":"<p>Tricot\u00e9, teint en fil, maille noire, peut \u00e9galement \u00eatre utilis\u00e9 comme tricot.<\/p>\n<p>CERTIFI\u00c9 PRODUIT ITALIEN<\/p>\n<p>&nbsp;<\/p>\n<p><img decoding=\"async\" data-src=\"https:\/\/osaone.ch\/wp-content\/uploads\/images\/stories\/icone\/Taglie-Donna.jpg\" alt=\"Tailles femmes\" src=\"data:image\/svg+xml;base64,PHN2ZyB3aWR0aD0iMSIgaGVpZ2h0PSIxIiB4bWxucz0iaHR0cDovL3d3dy53My5vcmcvMjAwMC9zdmciPjwvc3ZnPg==\" class=\"lazyload\" style=\"--smush-placeholder-width: 919px; --smush-placeholder-aspect-ratio: 919\/589;\"><\/p>\n<p>&nbsp;<\/p>\n","protected":false},"excerpt":{"rendered":"<p>Cardigan \u00e0 fermeture \u00e9clair compl\u00e8te 55% coton mak\u00f2 45% viscose<\/p>\n","protected":false},"featured_media":31202,"template":"","meta":{"_seopress_robots_primary_cat":"","_seopress_titles_title":"","_seopress_titles_desc":"","_seopress_robots_index":""},"product_brand":[],"product_cat":[314,348],"product_tag":[],"class_list":{"0":"post-33456","1":"product","2":"type-product","3":"status-publish","4":"has-post-thumbnail","6":"product_cat-cardigan-fr-2","7":"product_cat-cardigan-a-fermeture-eclair-fr","8":"pa_taglia-44-fr","9":"pa_taglia-48-fr","11":"first","12":"instock","13":"shipping-taxable","14":"purchasable","15":"product-type-variable"},"_links":{"self":[{"href":"https:\/\/osaone.ch\/fr\/wp-json\/wp\/v2\/product\/33456","targetHints":{"allow":["GET"]}}],"collection":[{"href":"https:\/\/osaone.ch\/fr\/wp-json\/wp\/v2\/product"}],"about":[{"href":"https:\/\/osaone.ch\/fr\/wp-json\/wp\/v2\/types\/product"}],"wp:featuredmedia":[{"embeddable":true,"href":"https:\/\/osaone.ch\/fr\/wp-json\/wp\/v2\/media\/31202"}],"wp:attachment":[{"href":"https:\/\/osaone.ch\/fr\/wp-json\/wp\/v2\/media?parent=33456"}],"wp:term":[{"taxonomy":"product_brand","embeddable":true,"href":"https:\/\/osaone.ch\/fr\/wp-json\/wp\/v2\/product_brand?post=33456"},{"taxonomy":"product_cat","embeddable":true,"href":"https:\/\/osaone.ch\/fr\/wp-json\/wp\/v2\/product_cat?post=33456"},{"taxonomy":"product_tag","embeddable":true,"href":"https:\/\/osaone.ch\/fr\/wp-json\/wp\/v2\/product_tag?post=33456"}],"curies":[{"name":"wp","href":"https:\/\/api.w.org\/{rel}","templated":true}]}}