{"id":33482,"date":"2019-04-19T14:26:11","date_gmt":"2019-04-19T12:26:11","guid":{"rendered":"https:\/\/osaone.ch\/prodotto\/cardigan-a-fermeture-eclair\/"},"modified":"2024-10-31T11:22:16","modified_gmt":"2024-10-31T10:22:16","slug":"cardigan-zip-4","status":"publish","type":"product","link":"https:\/\/osaone.ch\/fr\/produit\/cardigan-zip-4\/","title":{"rendered":"Cardigan &#8211; Laine"},"content":{"rendered":"<p>Tricot\u00e9, laine de premi\u00e8re tonte, teint\u00e9e en fil, tr\u00e8s doux, ne pince pas, dans des conditions normales pas de plissement. CERTIFI\u00c9 PRODUIT ITALIEN<\/p>\n","protected":false},"excerpt":{"rendered":"<p>100% laine m\u00e9rinos<\/p>\n","protected":false},"featured_media":62427,"template":"","meta":{"_seopress_robots_primary_cat":"none","_seopress_titles_title":"","_seopress_titles_desc":"","_seopress_robots_index":""},"product_brand":[],"product_cat":[277,281],"product_tag":[],"class_list":{"0":"post-33482","1":"product","2":"type-product","3":"status-publish","4":"has-post-thumbnail","6":"product_cat-cardigan-fr","7":"product_cat-cardigan-a-fermeture-eclair","8":"pa_taglia-46-fr","9":"pa_taglia-48-fr","10":"pa_taglia-52-fr","11":"pa_taglia-54-fr","13":"first","14":"instock","15":"shipping-taxable","16":"purchasable","17":"product-type-variable"},"_links":{"self":[{"href":"https:\/\/osaone.ch\/fr\/wp-json\/wp\/v2\/product\/33482","targetHints":{"allow":["GET"]}}],"collection":[{"href":"https:\/\/osaone.ch\/fr\/wp-json\/wp\/v2\/product"}],"about":[{"href":"https:\/\/osaone.ch\/fr\/wp-json\/wp\/v2\/types\/product"}],"wp:featuredmedia":[{"embeddable":true,"href":"https:\/\/osaone.ch\/fr\/wp-json\/wp\/v2\/media\/62427"}],"wp:attachment":[{"href":"https:\/\/osaone.ch\/fr\/wp-json\/wp\/v2\/media?parent=33482"}],"wp:term":[{"taxonomy":"product_brand","embeddable":true,"href":"https:\/\/osaone.ch\/fr\/wp-json\/wp\/v2\/product_brand?post=33482"},{"taxonomy":"product_cat","embeddable":true,"href":"https:\/\/osaone.ch\/fr\/wp-json\/wp\/v2\/product_cat?post=33482"},{"taxonomy":"product_tag","embeddable":true,"href":"https:\/\/osaone.ch\/fr\/wp-json\/wp\/v2\/product_tag?post=33482"}],"curies":[{"name":"wp","href":"https:\/\/api.w.org\/{rel}","templated":true}]}}