{"id":33505,"date":"2019-05-10T14:31:58","date_gmt":"2019-05-10T12:31:58","guid":{"rendered":"https:\/\/osaone.ch\/prodotto\/veste-a-bretelles-avec-poches\/"},"modified":"2023-01-14T14:42:27","modified_gmt":"2023-01-14T13:42:27","slug":"manteau-alamari","status":"publish","type":"product","link":"https:\/\/osaone.ch\/fr\/produit\/manteau-alamari\/","title":{"rendered":"Veste \u00e0 bretelles avec poches"},"content":{"rendered":"<p>Tricot\u00e9, laine de premi\u00e8re tonte, teint\u00e9e en fil, tr\u00e8s doux, ne pince pas, dans des conditions normales pas de plissement.<\/p>\n<p>CERTIFI\u00c9 PRODUIT ITALIEN<\/p>\n","protected":false},"excerpt":{"rendered":"<p>100% laine m\u00e9rinos<\/p>\n","protected":false},"featured_media":65014,"template":"","meta":{"_seopress_robots_primary_cat":"none","_seopress_titles_title":"","_seopress_titles_desc":"","_seopress_robots_index":"","_seopress_analysis_target_kw":""},"product_brand":[],"product_cat":[351],"product_tag":[],"class_list":{"0":"post-33505","1":"product","2":"type-product","3":"status-publish","4":"has-post-thumbnail","6":"product_cat-vestes","7":"pa_taglia-46-fr","8":"pa_taglia-50-fr","9":"pa_taglia-54-fr","10":"pa_taglia-56-fr","12":"first","13":"instock","14":"shipping-taxable","15":"purchasable","16":"product-type-variable"},"_links":{"self":[{"href":"https:\/\/osaone.ch\/fr\/wp-json\/wp\/v2\/product\/33505","targetHints":{"allow":["GET"]}}],"collection":[{"href":"https:\/\/osaone.ch\/fr\/wp-json\/wp\/v2\/product"}],"about":[{"href":"https:\/\/osaone.ch\/fr\/wp-json\/wp\/v2\/types\/product"}],"wp:featuredmedia":[{"embeddable":true,"href":"https:\/\/osaone.ch\/fr\/wp-json\/wp\/v2\/media\/65014"}],"wp:attachment":[{"href":"https:\/\/osaone.ch\/fr\/wp-json\/wp\/v2\/media?parent=33505"}],"wp:term":[{"taxonomy":"product_brand","embeddable":true,"href":"https:\/\/osaone.ch\/fr\/wp-json\/wp\/v2\/product_brand?post=33505"},{"taxonomy":"product_cat","embeddable":true,"href":"https:\/\/osaone.ch\/fr\/wp-json\/wp\/v2\/product_cat?post=33505"},{"taxonomy":"product_tag","embeddable":true,"href":"https:\/\/osaone.ch\/fr\/wp-json\/wp\/v2\/product_tag?post=33505"}],"curies":[{"name":"wp","href":"https:\/\/api.w.org\/{rel}","templated":true}]}}