{"id":33660,"date":"2019-06-06T14:16:42","date_gmt":"2019-06-06T12:16:42","guid":{"rendered":"https:\/\/osaone.ch\/prodotto\/pull-a-col-en-v\/"},"modified":"2024-12-09T18:35:41","modified_gmt":"2024-12-09T17:35:41","slug":"col-tricote-v-10","status":"publish","type":"product","link":"https:\/\/osaone.ch\/fr\/produit\/col-tricote-v-10\/","title":{"rendered":"Tricot &#8211; Laine"},"content":{"rendered":"<p>Tricot\u00e9, laine de premi\u00e8re tonte, teint\u00e9e dans la masse, tr\u00e8s doux, ne pince pas, dans des conditions normales pas de froncement. PRODUIT ITALIEN CERTIFI\u00c9<\/p>\n","protected":false},"excerpt":{"rendered":"<p>100% laine m\u00e9rinos<\/p>\n","protected":false},"featured_media":224023,"template":"","meta":{"_seopress_robots_primary_cat":"none","_seopress_titles_title":"","_seopress_titles_desc":"","_seopress_robots_index":""},"product_brand":[],"product_cat":[247,248],"product_tag":[],"class_list":{"0":"post-33660","1":"product","2":"type-product","3":"status-publish","4":"has-post-thumbnail","6":"product_cat-maillots","7":"product_cat-pulls-a-col-en-v","8":"pa_taglia-2xl-fr","9":"pa_taglia-3xl-fr","10":"pa_taglia-l-fr","11":"pa_taglia-m-fr","12":"pa_taglia-s-fr","13":"pa_taglia-xl-fr","15":"first","16":"instock","17":"sold-individually","18":"shipping-taxable","19":"purchasable","20":"product-type-variable","21":"has-default-attributes"},"_links":{"self":[{"href":"https:\/\/osaone.ch\/fr\/wp-json\/wp\/v2\/product\/33660","targetHints":{"allow":["GET"]}}],"collection":[{"href":"https:\/\/osaone.ch\/fr\/wp-json\/wp\/v2\/product"}],"about":[{"href":"https:\/\/osaone.ch\/fr\/wp-json\/wp\/v2\/types\/product"}],"wp:featuredmedia":[{"embeddable":true,"href":"https:\/\/osaone.ch\/fr\/wp-json\/wp\/v2\/media\/224023"}],"wp:attachment":[{"href":"https:\/\/osaone.ch\/fr\/wp-json\/wp\/v2\/media?parent=33660"}],"wp:term":[{"taxonomy":"product_brand","embeddable":true,"href":"https:\/\/osaone.ch\/fr\/wp-json\/wp\/v2\/product_brand?post=33660"},{"taxonomy":"product_cat","embeddable":true,"href":"https:\/\/osaone.ch\/fr\/wp-json\/wp\/v2\/product_cat?post=33660"},{"taxonomy":"product_tag","embeddable":true,"href":"https:\/\/osaone.ch\/fr\/wp-json\/wp\/v2\/product_tag?post=33660"}],"curies":[{"name":"wp","href":"https:\/\/api.w.org\/{rel}","templated":true}]}}