{"id":33727,"date":"2019-06-11T15:47:02","date_gmt":"2019-06-11T13:47:02","guid":{"rendered":"https:\/\/osaone.ch\/prodotto\/cardigan-a-fermeture-eclair\/"},"modified":"2026-05-01T05:51:50","modified_gmt":"2026-05-01T03:51:50","slug":"cardigan-zip-11","status":"publish","type":"product","link":"https:\/\/osaone.ch\/fr\/produit\/cardigan-zip-11\/","title":{"rendered":"Cardigan &#8211; Coton"},"content":{"rendered":"<p><span lang=\"IT\">Gilet tricot\u00e9 avec fermeture \u00e9clair, tricot\u00e9 avec diff\u00e9rents types de points, coton teint en fil, coutures blanches.<\/span><\/p>\n<p><span lang=\"IT\">Lavable \u00e0 la main ou en machine avec des programmes et de la lessive pour v\u00eatements d\u00e9licats.<\/span><\/p>\n<p><span lang=\"IT\">Couleur : Marine &#8211; Blanc<\/span><\/p>\n<p><span lang=\"IT\">PRODUIT ITALIEN CERTIFI\u00c9<\/span><\/p>\n","protected":false},"excerpt":{"rendered":"<p>Mak\u00f2 100% coton<\/p>\n","protected":false},"featured_media":96364,"template":"","meta":{"_seopress_robots_primary_cat":"none","_seopress_titles_title":"","_seopress_titles_desc":"","_seopress_robots_index":""},"product_brand":[],"product_cat":[277,281],"product_tag":[],"class_list":{"0":"post-33727","1":"product","2":"type-product","3":"status-publish","4":"has-post-thumbnail","6":"product_cat-cardigan-fr","7":"product_cat-cardigan-a-fermeture-eclair","8":"pa_taglia-48-fr","9":"pa_taglia-52-fr","10":"pa_taglia-54-fr","11":"pa_taglia-56-fr","12":"pa_taglia-58-fr","14":"first","15":"instock","16":"shipping-taxable","17":"purchasable","18":"product-type-variable","19":"has-default-attributes"},"_links":{"self":[{"href":"https:\/\/osaone.ch\/fr\/wp-json\/wp\/v2\/product\/33727","targetHints":{"allow":["GET"]}}],"collection":[{"href":"https:\/\/osaone.ch\/fr\/wp-json\/wp\/v2\/product"}],"about":[{"href":"https:\/\/osaone.ch\/fr\/wp-json\/wp\/v2\/types\/product"}],"wp:featuredmedia":[{"embeddable":true,"href":"https:\/\/osaone.ch\/fr\/wp-json\/wp\/v2\/media\/96364"}],"wp:attachment":[{"href":"https:\/\/osaone.ch\/fr\/wp-json\/wp\/v2\/media?parent=33727"}],"wp:term":[{"taxonomy":"product_brand","embeddable":true,"href":"https:\/\/osaone.ch\/fr\/wp-json\/wp\/v2\/product_brand?post=33727"},{"taxonomy":"product_cat","embeddable":true,"href":"https:\/\/osaone.ch\/fr\/wp-json\/wp\/v2\/product_cat?post=33727"},{"taxonomy":"product_tag","embeddable":true,"href":"https:\/\/osaone.ch\/fr\/wp-json\/wp\/v2\/product_tag?post=33727"}],"curies":[{"name":"wp","href":"https:\/\/api.w.org\/{rel}","templated":true}]}}