{"id":33850,"date":"2019-06-26T14:14:00","date_gmt":"2019-06-26T12:14:00","guid":{"rendered":"https:\/\/osaone.ch\/prodotto\/cardigan-boutonne\/"},"modified":"2024-10-31T11:22:39","modified_gmt":"2024-10-31T10:22:39","slug":"cardigan-bouton-10","status":"publish","type":"product","link":"https:\/\/osaone.ch\/fr\/produit\/cardigan-bouton-10\/","title":{"rendered":"Cardigan &#8211; Laine"},"content":{"rendered":"<p>Tricot, laine de premi\u00e8re tonte, teint\u00e9e dans la masse, tr\u00e8s douce, ne pince pas, dans des conditions normales aucun point ne se forme. Impression sur le devant, couleur unie sur le dos, un fil de lurex a \u00e9t\u00e9 ins\u00e9r\u00e9 dans le tricot, les couleurs restent inchang\u00e9es dans le temps m\u00eame apr\u00e8s de nombreux lavages. Couleur : BLEU PRODUIT ITALIEN CERTIFI\u00c9<\/p>\n","protected":false},"excerpt":{"rendered":"<p>100% laine m\u00e9rinos<\/p>\n","protected":false},"featured_media":223707,"template":"","meta":{"_seopress_robots_primary_cat":"none","_seopress_titles_title":"","_seopress_titles_desc":"","_seopress_robots_index":""},"product_brand":[],"product_cat":[314,353],"product_tag":[],"class_list":{"0":"post-33850","1":"product","2":"type-product","3":"status-publish","4":"has-post-thumbnail","6":"product_cat-cardigan-fr-2","7":"product_cat-cardigan-boutonne-fr","8":"pa_taglia-42-fr","9":"pa_taglia-44-fr","11":"first","12":"instock","13":"featured","14":"shipping-taxable","15":"purchasable","16":"product-type-variable","17":"has-default-attributes"},"_links":{"self":[{"href":"https:\/\/osaone.ch\/fr\/wp-json\/wp\/v2\/product\/33850","targetHints":{"allow":["GET"]}}],"collection":[{"href":"https:\/\/osaone.ch\/fr\/wp-json\/wp\/v2\/product"}],"about":[{"href":"https:\/\/osaone.ch\/fr\/wp-json\/wp\/v2\/types\/product"}],"wp:featuredmedia":[{"embeddable":true,"href":"https:\/\/osaone.ch\/fr\/wp-json\/wp\/v2\/media\/223707"}],"wp:attachment":[{"href":"https:\/\/osaone.ch\/fr\/wp-json\/wp\/v2\/media?parent=33850"}],"wp:term":[{"taxonomy":"product_brand","embeddable":true,"href":"https:\/\/osaone.ch\/fr\/wp-json\/wp\/v2\/product_brand?post=33850"},{"taxonomy":"product_cat","embeddable":true,"href":"https:\/\/osaone.ch\/fr\/wp-json\/wp\/v2\/product_cat?post=33850"},{"taxonomy":"product_tag","embeddable":true,"href":"https:\/\/osaone.ch\/fr\/wp-json\/wp\/v2\/product_tag?post=33850"}],"curies":[{"name":"wp","href":"https:\/\/api.w.org\/{rel}","templated":true}]}}