{"id":34066,"date":"2019-07-20T09:27:10","date_gmt":"2019-07-20T07:27:10","guid":{"rendered":"https:\/\/osaone.ch\/prodotto\/cardigan-boutonne\/"},"modified":"2024-12-09T18:35:50","modified_gmt":"2024-12-09T17:35:50","slug":"cardigan-bouton-15","status":"publish","type":"product","link":"https:\/\/osaone.ch\/fr\/produit\/cardigan-bouton-15\/","title":{"rendered":"Cardigan &#8211; Laine"},"content":{"rendered":"<p>Tricot\u00e9, laine de premi\u00e8re tonte, teint\u00e9e dans la masse, tr\u00e8s doux, pas de pincement, dans des conditions normales pas de formation de grumeaux, ce v\u00eatement a aussi un travail de lurex. Peut \u00eatre combin\u00e9 avec l&rsquo;article 118-I1834DPA. PRODUIT ITALIEN CERTIFI\u00c9<\/p>\n","protected":false},"excerpt":{"rendered":"<p>100% laine m\u00e9rinos<\/p>\n","protected":false},"featured_media":224013,"template":"","meta":{"_seopress_robots_primary_cat":"none","_seopress_titles_title":"","_seopress_titles_desc":"","_seopress_robots_index":""},"product_brand":[],"product_cat":[314,353],"product_tag":[],"class_list":{"0":"post-34066","1":"product","2":"type-product","3":"status-publish","4":"has-post-thumbnail","6":"product_cat-cardigan-fr-2","7":"product_cat-cardigan-boutonne-fr","8":"pa_taglia-42-fr","9":"pa_taglia-44-fr","10":"pa_taglia-46-fr","11":"pa_taglia-48-fr","12":"pa_taglia-50-fr","14":"first","15":"instock","16":"sold-individually","17":"shipping-taxable","18":"purchasable","19":"product-type-variable","20":"has-default-attributes"},"_links":{"self":[{"href":"https:\/\/osaone.ch\/fr\/wp-json\/wp\/v2\/product\/34066","targetHints":{"allow":["GET"]}}],"collection":[{"href":"https:\/\/osaone.ch\/fr\/wp-json\/wp\/v2\/product"}],"about":[{"href":"https:\/\/osaone.ch\/fr\/wp-json\/wp\/v2\/types\/product"}],"wp:featuredmedia":[{"embeddable":true,"href":"https:\/\/osaone.ch\/fr\/wp-json\/wp\/v2\/media\/224013"}],"wp:attachment":[{"href":"https:\/\/osaone.ch\/fr\/wp-json\/wp\/v2\/media?parent=34066"}],"wp:term":[{"taxonomy":"product_brand","embeddable":true,"href":"https:\/\/osaone.ch\/fr\/wp-json\/wp\/v2\/product_brand?post=34066"},{"taxonomy":"product_cat","embeddable":true,"href":"https:\/\/osaone.ch\/fr\/wp-json\/wp\/v2\/product_cat?post=34066"},{"taxonomy":"product_tag","embeddable":true,"href":"https:\/\/osaone.ch\/fr\/wp-json\/wp\/v2\/product_tag?post=34066"}],"curies":[{"name":"wp","href":"https:\/\/api.w.org\/{rel}","templated":true}]}}