{"id":34073,"date":"2019-07-20T09:38:09","date_gmt":"2019-07-20T07:38:09","guid":{"rendered":"https:\/\/osaone.ch\/prodotto\/cardigan-a-fermeture-eclair\/"},"modified":"2022-11-21T09:32:27","modified_gmt":"2022-11-21T08:32:27","slug":"cardigan-zip-13","status":"publish","type":"product","link":"https:\/\/osaone.ch\/fr\/produit\/cardigan-zip-13\/","title":{"rendered":"Cardigan \u00e0 fermeture \u00e9clair"},"content":{"rendered":"<p>Tricot\u00e9, laine de premi\u00e8re tonte, teint\u00e9e au fil, tr\u00e8s doux, pas de pincement, dans des conditions normales pas de plissement, dos de couleur unie.<\/p>\n<p>CERTIFI\u00c9 PRODUIT ITALIEN<\/p>\n<p><img decoding=\"async\" data-src=\"https:\/\/osaone.ch\/wp-content\/uploads\/images\/stories\/icone\/Taglie-Donna.jpg\" alt=\"Tailles femmes\" src=\"data:image\/svg+xml;base64,PHN2ZyB3aWR0aD0iMSIgaGVpZ2h0PSIxIiB4bWxucz0iaHR0cDovL3d3dy53My5vcmcvMjAwMC9zdmciPjwvc3ZnPg==\" class=\"lazyload\" style=\"--smush-placeholder-width: 919px; --smush-placeholder-aspect-ratio: 919\/589;\"><\/p>\n","protected":false},"excerpt":{"rendered":"<p>100% laine m\u00e9rinos<\/p>\n","protected":false},"featured_media":32777,"template":"","meta":{"_seopress_robots_primary_cat":"none","_seopress_titles_title":"","_seopress_titles_desc":"","_seopress_robots_index":""},"product_brand":[],"product_cat":[314,348],"product_tag":[],"class_list":{"0":"post-34073","1":"product","2":"type-product","3":"status-publish","4":"has-post-thumbnail","6":"product_cat-cardigan-fr-2","7":"product_cat-cardigan-a-fermeture-eclair-fr","8":"pa_taglia-44-fr","9":"pa_taglia-46-fr","10":"pa_taglia-48-fr","11":"pa_taglia-50-fr","13":"first","14":"instock","15":"shipping-taxable","16":"purchasable","17":"product-type-variable","18":"has-default-attributes"},"_links":{"self":[{"href":"https:\/\/osaone.ch\/fr\/wp-json\/wp\/v2\/product\/34073","targetHints":{"allow":["GET"]}}],"collection":[{"href":"https:\/\/osaone.ch\/fr\/wp-json\/wp\/v2\/product"}],"about":[{"href":"https:\/\/osaone.ch\/fr\/wp-json\/wp\/v2\/types\/product"}],"wp:featuredmedia":[{"embeddable":true,"href":"https:\/\/osaone.ch\/fr\/wp-json\/wp\/v2\/media\/32777"}],"wp:attachment":[{"href":"https:\/\/osaone.ch\/fr\/wp-json\/wp\/v2\/media?parent=34073"}],"wp:term":[{"taxonomy":"product_brand","embeddable":true,"href":"https:\/\/osaone.ch\/fr\/wp-json\/wp\/v2\/product_brand?post=34073"},{"taxonomy":"product_cat","embeddable":true,"href":"https:\/\/osaone.ch\/fr\/wp-json\/wp\/v2\/product_cat?post=34073"},{"taxonomy":"product_tag","embeddable":true,"href":"https:\/\/osaone.ch\/fr\/wp-json\/wp\/v2\/product_tag?post=34073"}],"curies":[{"name":"wp","href":"https:\/\/api.w.org\/{rel}","templated":true}]}}