{"id":34092,"date":"2019-07-20T09:32:03","date_gmt":"2019-07-20T07:32:03","guid":{"rendered":"https:\/\/osaone.ch\/prodotto\/cardigan-zippe-avec-poches\/"},"modified":"2023-12-24T17:45:21","modified_gmt":"2023-12-24T16:45:21","slug":"cardigan-zip-avec-poches-11","status":"publish","type":"product","link":"https:\/\/osaone.ch\/fr\/produit\/cardigan-zip-avec-poches-11\/","title":{"rendered":"Veste zipp\u00e9e avec poches"},"content":{"rendered":"<p>Tricot\u00e9, laine de la premi\u00e8re tonte, teint\u00e9e au fil.<\/p>\n<p>CERTIFI\u00c9 PRODUIT ITALIEN<\/p>\n","protected":false},"excerpt":{"rendered":"<p>45 % laine m\u00e9rinos 28 % viscose 10 % cachemire 17 % pl.<\/p>\n","protected":false},"featured_media":153682,"template":"","meta":{"_seopress_robots_primary_cat":"none","_seopress_titles_title":"","_seopress_titles_desc":"","_seopress_robots_index":""},"product_brand":[],"product_cat":[386],"product_tag":[],"class_list":{"0":"post-34092","1":"product","2":"type-product","3":"status-publish","4":"has-post-thumbnail","6":"product_cat-vestes-fr","7":"pa_taglia-42-fr","8":"pa_taglia-48-fr","9":"pa_taglia-50-fr","10":"pa_taglia-52-fr","12":"first","13":"instock","14":"shipping-taxable","15":"purchasable","16":"product-type-variable","17":"has-default-attributes"},"_links":{"self":[{"href":"https:\/\/osaone.ch\/fr\/wp-json\/wp\/v2\/product\/34092","targetHints":{"allow":["GET"]}}],"collection":[{"href":"https:\/\/osaone.ch\/fr\/wp-json\/wp\/v2\/product"}],"about":[{"href":"https:\/\/osaone.ch\/fr\/wp-json\/wp\/v2\/types\/product"}],"wp:featuredmedia":[{"embeddable":true,"href":"https:\/\/osaone.ch\/fr\/wp-json\/wp\/v2\/media\/153682"}],"wp:attachment":[{"href":"https:\/\/osaone.ch\/fr\/wp-json\/wp\/v2\/media?parent=34092"}],"wp:term":[{"taxonomy":"product_brand","embeddable":true,"href":"https:\/\/osaone.ch\/fr\/wp-json\/wp\/v2\/product_brand?post=34092"},{"taxonomy":"product_cat","embeddable":true,"href":"https:\/\/osaone.ch\/fr\/wp-json\/wp\/v2\/product_cat?post=34092"},{"taxonomy":"product_tag","embeddable":true,"href":"https:\/\/osaone.ch\/fr\/wp-json\/wp\/v2\/product_tag?post=34092"}],"curies":[{"name":"wp","href":"https:\/\/api.w.org\/{rel}","templated":true}]}}