{"id":34310,"date":"2021-06-22T13:23:39","date_gmt":"2021-06-22T11:23:39","guid":{"rendered":"https:\/\/osaone.ch\/prodotto\/t-shirt-mm\/"},"modified":"2022-11-21T15:56:27","modified_gmt":"2022-11-21T14:56:27","slug":"t-shirt-mm","status":"publish","type":"product","link":"https:\/\/osaone.ch\/fr\/produit\/t-shirt-mm\/","title":{"rendered":"T-shirt mm"},"content":{"rendered":"<p>Tricot\u00e9, imprim\u00e9 devant et derri\u00e8re, les couleurs restent inchang\u00e9es dans le temps m\u00eame apr\u00e8s de nombreux lavages. Le v\u00eatement est tr\u00e8s fin et l\u00e9ger.<\/p>\n<p>CERTIFI\u00c9 PRODUIT ITALIEN<\/p>\n","protected":false},"excerpt":{"rendered":"<p>T-shirt \u00e0 col ras du cou 84% viscose 16% \u00e9lite<\/p>\n","protected":false},"featured_media":31928,"template":"","meta":{"_seopress_robots_primary_cat":"none","_seopress_titles_title":"","_seopress_titles_desc":"","_seopress_robots_index":""},"product_brand":[],"product_cat":[344,286],"product_tag":[],"class_list":{"0":"post-34310","1":"product","2":"type-product","3":"status-publish","4":"has-post-thumbnail","6":"product_cat-chemises-a-demi-manches","7":"product_cat-maillots-fr","8":"pa_taglia-44-fr","9":"pa_taglia-46-fr","10":"pa_taglia-50-fr","12":"first","13":"instock","14":"shipping-taxable","15":"purchasable","16":"product-type-variable","17":"has-default-attributes"},"_links":{"self":[{"href":"https:\/\/osaone.ch\/fr\/wp-json\/wp\/v2\/product\/34310","targetHints":{"allow":["GET"]}}],"collection":[{"href":"https:\/\/osaone.ch\/fr\/wp-json\/wp\/v2\/product"}],"about":[{"href":"https:\/\/osaone.ch\/fr\/wp-json\/wp\/v2\/types\/product"}],"wp:featuredmedia":[{"embeddable":true,"href":"https:\/\/osaone.ch\/fr\/wp-json\/wp\/v2\/media\/31928"}],"wp:attachment":[{"href":"https:\/\/osaone.ch\/fr\/wp-json\/wp\/v2\/media?parent=34310"}],"wp:term":[{"taxonomy":"product_brand","embeddable":true,"href":"https:\/\/osaone.ch\/fr\/wp-json\/wp\/v2\/product_brand?post=34310"},{"taxonomy":"product_cat","embeddable":true,"href":"https:\/\/osaone.ch\/fr\/wp-json\/wp\/v2\/product_cat?post=34310"},{"taxonomy":"product_tag","embeddable":true,"href":"https:\/\/osaone.ch\/fr\/wp-json\/wp\/v2\/product_tag?post=34310"}],"curies":[{"name":"wp","href":"https:\/\/api.w.org\/{rel}","templated":true}]}}