{"id":34345,"date":"2021-09-10T13:09:03","date_gmt":"2021-09-10T11:09:03","guid":{"rendered":"https:\/\/osaone.ch\/prodotto\/t-shirt-long-mm\/"},"modified":"2022-11-21T15:56:26","modified_gmt":"2022-11-21T14:56:26","slug":"t-shirt-longueur-mm","status":"publish","type":"product","link":"https:\/\/osaone.ch\/fr\/produit\/t-shirt-longueur-mm\/","title":{"rendered":"T-shirt long mm"},"content":{"rendered":"<p>Tricot\u00e9, imprim\u00e9 devant et derri\u00e8re, longueur de la hanche, les couleurs restent inchang\u00e9es dans le temps m\u00eame apr\u00e8s de nombreux lavages. Le v\u00eatement est tr\u00e8s fin et l\u00e9ger.<\/p>\n<p>CERTIFI\u00c9 PRODUIT ITALIEN<\/p>\n","protected":false},"excerpt":{"rendered":"<p>84% viscose 16% elit\u00e8<\/p>\n","protected":false},"featured_media":193616,"template":"","meta":{"_seopress_robots_primary_cat":"none","_seopress_titles_title":"","_seopress_titles_desc":"","_seopress_robots_index":""},"product_brand":[],"product_cat":[344,286],"product_tag":[],"class_list":{"0":"post-34345","1":"product","2":"type-product","3":"status-publish","4":"has-post-thumbnail","6":"product_cat-chemises-a-demi-manches","7":"product_cat-maillots-fr","8":"pa_taglia-42-fr","9":"pa_taglia-44-fr","10":"pa_taglia-46-fr","11":"pa_taglia-48-fr","12":"pa_taglia-50-fr","14":"first","15":"instock","16":"featured","17":"shipping-taxable","18":"purchasable","19":"product-type-variable","20":"has-default-attributes"},"_links":{"self":[{"href":"https:\/\/osaone.ch\/fr\/wp-json\/wp\/v2\/product\/34345","targetHints":{"allow":["GET"]}}],"collection":[{"href":"https:\/\/osaone.ch\/fr\/wp-json\/wp\/v2\/product"}],"about":[{"href":"https:\/\/osaone.ch\/fr\/wp-json\/wp\/v2\/types\/product"}],"wp:featuredmedia":[{"embeddable":true,"href":"https:\/\/osaone.ch\/fr\/wp-json\/wp\/v2\/media\/193616"}],"wp:attachment":[{"href":"https:\/\/osaone.ch\/fr\/wp-json\/wp\/v2\/media?parent=34345"}],"wp:term":[{"taxonomy":"product_brand","embeddable":true,"href":"https:\/\/osaone.ch\/fr\/wp-json\/wp\/v2\/product_brand?post=34345"},{"taxonomy":"product_cat","embeddable":true,"href":"https:\/\/osaone.ch\/fr\/wp-json\/wp\/v2\/product_cat?post=34345"},{"taxonomy":"product_tag","embeddable":true,"href":"https:\/\/osaone.ch\/fr\/wp-json\/wp\/v2\/product_tag?post=34345"}],"curies":[{"name":"wp","href":"https:\/\/api.w.org\/{rel}","templated":true}]}}