{"id":34367,"date":"2021-09-10T13:30:13","date_gmt":"2021-09-10T11:30:13","guid":{"rendered":"https:\/\/osaone.ch\/prodotto\/cardigan-boutonne\/"},"modified":"2022-11-21T09:30:54","modified_gmt":"2022-11-21T08:30:54","slug":"cardigan-boutons-24","status":"publish","type":"product","link":"https:\/\/osaone.ch\/fr\/produit\/cardigan-boutons-24\/","title":{"rendered":"Cardigan boutonn\u00e9"},"content":{"rendered":"<p>Tricot\u00e9, imprim\u00e9 sur le devant et le dos, travail en fil de lurex ins\u00e9r\u00e9, les couleurs restent inchang\u00e9es dans le temps m\u00eame apr\u00e8s de nombreux lavages. Le v\u00eatement est tr\u00e8s fin et l\u00e9ger.<\/p>\n<p>CERTIFI\u00c9 PRODUIT ITALIEN<\/p>\n<p><img fetchpriority=\"high\" decoding=\"async\" src=\"https:\/\/osaone.ch\/wp-content\/uploads\/images\/stories\/icone\/Taglie-Donna.jpg\" alt=\"Tailles femmes\" width=\"919\" height=\"589\"><\/p>\n","protected":false},"excerpt":{"rendered":"<p>55% coton mak\u00f2 45% viscose<\/p>\n","protected":false},"featured_media":32747,"template":"","meta":{"_seopress_robots_primary_cat":"none","_seopress_titles_title":"","_seopress_titles_desc":"","_seopress_robots_index":""},"product_brand":[],"product_cat":[314,353],"product_tag":[],"class_list":{"0":"post-34367","1":"product","2":"type-product","3":"status-publish","4":"has-post-thumbnail","6":"product_cat-cardigan-fr-2","7":"product_cat-cardigan-boutonne-fr","8":"pa_taglia-42-fr","9":"pa_taglia-44-fr","10":"pa_taglia-46-fr","11":"pa_taglia-48-fr","12":"pa_taglia-50-fr","14":"first","15":"instock","16":"shipping-taxable","17":"purchasable","18":"product-type-variable","19":"has-default-attributes"},"_links":{"self":[{"href":"https:\/\/osaone.ch\/fr\/wp-json\/wp\/v2\/product\/34367","targetHints":{"allow":["GET"]}}],"collection":[{"href":"https:\/\/osaone.ch\/fr\/wp-json\/wp\/v2\/product"}],"about":[{"href":"https:\/\/osaone.ch\/fr\/wp-json\/wp\/v2\/types\/product"}],"wp:featuredmedia":[{"embeddable":true,"href":"https:\/\/osaone.ch\/fr\/wp-json\/wp\/v2\/media\/32747"}],"wp:attachment":[{"href":"https:\/\/osaone.ch\/fr\/wp-json\/wp\/v2\/media?parent=34367"}],"wp:term":[{"taxonomy":"product_brand","embeddable":true,"href":"https:\/\/osaone.ch\/fr\/wp-json\/wp\/v2\/product_brand?post=34367"},{"taxonomy":"product_cat","embeddable":true,"href":"https:\/\/osaone.ch\/fr\/wp-json\/wp\/v2\/product_cat?post=34367"},{"taxonomy":"product_tag","embeddable":true,"href":"https:\/\/osaone.ch\/fr\/wp-json\/wp\/v2\/product_tag?post=34367"}],"curies":[{"name":"wp","href":"https:\/\/api.w.org\/{rel}","templated":true}]}}