{"id":34426,"date":"2021-10-22T08:35:27","date_gmt":"2021-10-22T06:35:27","guid":{"rendered":"https:\/\/osaone.ch\/prodotto\/t-shirt-mm\/"},"modified":"2022-11-21T15:55:28","modified_gmt":"2022-11-21T14:55:28","slug":"t-shirt-mm-avec-points-differents","status":"publish","type":"product","link":"https:\/\/osaone.ch\/fr\/produit\/t-shirt-mm-avec-points-differents\/","title":{"rendered":"T-shirt mm"},"content":{"rendered":"<p>Tricot\u00e9, travaill\u00e9 en plusieurs points.<\/p>\n<p>Le v\u00eatement est tr\u00e8s fin et l\u00e9ger.<\/p>\n<p>CERTIFI\u00c9 PRODUIT ITALIEN<\/p>\n","protected":false},"excerpt":{"rendered":"<p>55% coton mak\u00f2 45% viscose<\/p>\n","protected":false},"featured_media":31988,"template":"","meta":{"_seopress_robots_primary_cat":"none","_seopress_titles_title":"","_seopress_titles_desc":"","_seopress_robots_index":""},"product_brand":[],"product_cat":[344,286],"product_tag":[],"class_list":{"0":"post-34426","1":"product","2":"type-product","3":"status-publish","4":"has-post-thumbnail","6":"product_cat-chemises-a-demi-manches","7":"product_cat-maillots-fr","8":"pa_taglia-42-fr","9":"pa_taglia-44-fr","10":"pa_taglia-46-fr","11":"pa_taglia-50-fr","12":"pa_taglia-52-fr","14":"first","15":"instock","16":"shipping-taxable","17":"purchasable","18":"product-type-variable","19":"has-default-attributes"},"_links":{"self":[{"href":"https:\/\/osaone.ch\/fr\/wp-json\/wp\/v2\/product\/34426","targetHints":{"allow":["GET"]}}],"collection":[{"href":"https:\/\/osaone.ch\/fr\/wp-json\/wp\/v2\/product"}],"about":[{"href":"https:\/\/osaone.ch\/fr\/wp-json\/wp\/v2\/types\/product"}],"wp:featuredmedia":[{"embeddable":true,"href":"https:\/\/osaone.ch\/fr\/wp-json\/wp\/v2\/media\/31988"}],"wp:attachment":[{"href":"https:\/\/osaone.ch\/fr\/wp-json\/wp\/v2\/media?parent=34426"}],"wp:term":[{"taxonomy":"product_brand","embeddable":true,"href":"https:\/\/osaone.ch\/fr\/wp-json\/wp\/v2\/product_brand?post=34426"},{"taxonomy":"product_cat","embeddable":true,"href":"https:\/\/osaone.ch\/fr\/wp-json\/wp\/v2\/product_cat?post=34426"},{"taxonomy":"product_tag","embeddable":true,"href":"https:\/\/osaone.ch\/fr\/wp-json\/wp\/v2\/product_tag?post=34426"}],"curies":[{"name":"wp","href":"https:\/\/api.w.org\/{rel}","templated":true}]}}