{"id":34427,"date":"2021-10-22T08:48:31","date_gmt":"2021-10-22T06:48:31","guid":{"rendered":"https:\/\/osaone.ch\/prodotto\/t-shirt-mm\/"},"modified":"2022-11-21T15:55:01","modified_gmt":"2022-11-21T14:55:01","slug":"t-shirt-longueur-mm-print-front-and-back","status":"publish","type":"product","link":"https:\/\/osaone.ch\/fr\/produit\/t-shirt-longueur-mm-print-front-and-back\/","title":{"rendered":"T-shirt mm"},"content":{"rendered":"<p>Tricot\u00e9, imprim\u00e9 devant et derri\u00e8re, les couleurs restent inchang\u00e9es dans le temps m\u00eame apr\u00e8s de nombreux lavages.<\/p>\n<p>CERTIFI\u00c9 PRODUIT ITALIEN<\/p>\n","protected":false},"excerpt":{"rendered":"<p>84% viscose 16% elit\u00e8<\/p>\n","protected":false},"featured_media":31994,"template":"","meta":{"_seopress_robots_primary_cat":"none","_seopress_titles_title":"","_seopress_titles_desc":"","_seopress_robots_index":""},"product_brand":[],"product_cat":[344,286],"product_tag":[],"class_list":{"0":"post-34427","1":"product","2":"type-product","3":"status-publish","4":"has-post-thumbnail","6":"product_cat-chemises-a-demi-manches","7":"product_cat-maillots-fr","8":"pa_taglia-42-fr","9":"pa_taglia-44-fr","10":"pa_taglia-46-fr","11":"pa_taglia-48-fr","13":"first","14":"instock","15":"shipping-taxable","16":"purchasable","17":"product-type-variable","18":"has-default-attributes"},"_links":{"self":[{"href":"https:\/\/osaone.ch\/fr\/wp-json\/wp\/v2\/product\/34427","targetHints":{"allow":["GET"]}}],"collection":[{"href":"https:\/\/osaone.ch\/fr\/wp-json\/wp\/v2\/product"}],"about":[{"href":"https:\/\/osaone.ch\/fr\/wp-json\/wp\/v2\/types\/product"}],"wp:featuredmedia":[{"embeddable":true,"href":"https:\/\/osaone.ch\/fr\/wp-json\/wp\/v2\/media\/31994"}],"wp:attachment":[{"href":"https:\/\/osaone.ch\/fr\/wp-json\/wp\/v2\/media?parent=34427"}],"wp:term":[{"taxonomy":"product_brand","embeddable":true,"href":"https:\/\/osaone.ch\/fr\/wp-json\/wp\/v2\/product_brand?post=34427"},{"taxonomy":"product_cat","embeddable":true,"href":"https:\/\/osaone.ch\/fr\/wp-json\/wp\/v2\/product_cat?post=34427"},{"taxonomy":"product_tag","embeddable":true,"href":"https:\/\/osaone.ch\/fr\/wp-json\/wp\/v2\/product_tag?post=34427"}],"curies":[{"name":"wp","href":"https:\/\/api.w.org\/{rel}","templated":true}]}}