{"id":34549,"date":"2021-12-07T15:51:02","date_gmt":"2021-12-07T14:51:02","guid":{"rendered":"https:\/\/osaone.ch\/prodotto\/col-ras-du-cou-reversible\/"},"modified":"2022-11-21T10:01:08","modified_gmt":"2022-11-21T09:01:08","slug":"col-rond-reversible","status":"publish","type":"product","link":"https:\/\/osaone.ch\/fr\/produit\/col-rond-reversible\/","title":{"rendered":"Col ras du cou r\u00e9versible"},"content":{"rendered":"<p>Tricot\u00e9, teint en fil, laine de premi\u00e8re tonte, tr\u00e8s doux, pas de pincement, en usage normal sans frottement pas de boulochage.<\/p>\n<p>CERTIFI\u00c9 PRODUIT ITALIEN<\/p>\n","protected":false},"excerpt":{"rendered":"<p>100% laine m\u00e9rinos extra fine<\/p>\n","protected":false},"featured_media":125962,"template":"","meta":{"_seopress_robots_primary_cat":"none","_seopress_titles_title":"","_seopress_titles_desc":"","_seopress_robots_index":""},"product_brand":[],"product_cat":[322,247],"product_tag":[],"class_list":{"0":"post-34549","1":"product","2":"type-product","3":"status-publish","4":"has-post-thumbnail","6":"product_cat-chemises-a-col-ras-du-cou","7":"product_cat-maillots","8":"pa_taglia-2xl-fr","9":"pa_taglia-3xl-fr","10":"pa_taglia-l-fr","11":"pa_taglia-m-fr","12":"pa_taglia-xl-fr","14":"first","15":"instock","16":"shipping-taxable","17":"purchasable","18":"product-type-variable","19":"has-default-attributes"},"_links":{"self":[{"href":"https:\/\/osaone.ch\/fr\/wp-json\/wp\/v2\/product\/34549","targetHints":{"allow":["GET"]}}],"collection":[{"href":"https:\/\/osaone.ch\/fr\/wp-json\/wp\/v2\/product"}],"about":[{"href":"https:\/\/osaone.ch\/fr\/wp-json\/wp\/v2\/types\/product"}],"wp:featuredmedia":[{"embeddable":true,"href":"https:\/\/osaone.ch\/fr\/wp-json\/wp\/v2\/media\/125962"}],"wp:attachment":[{"href":"https:\/\/osaone.ch\/fr\/wp-json\/wp\/v2\/media?parent=34549"}],"wp:term":[{"taxonomy":"product_brand","embeddable":true,"href":"https:\/\/osaone.ch\/fr\/wp-json\/wp\/v2\/product_brand?post=34549"},{"taxonomy":"product_cat","embeddable":true,"href":"https:\/\/osaone.ch\/fr\/wp-json\/wp\/v2\/product_cat?post=34549"},{"taxonomy":"product_tag","embeddable":true,"href":"https:\/\/osaone.ch\/fr\/wp-json\/wp\/v2\/product_tag?post=34549"}],"curies":[{"name":"wp","href":"https:\/\/api.w.org\/{rel}","templated":true}]}}