{"id":34566,"date":"2021-12-07T16:05:33","date_gmt":"2021-12-07T15:05:33","guid":{"rendered":"https:\/\/osaone.ch\/prodotto\/veste-reversible-a-fermeture-eclair\/"},"modified":"2023-08-07T16:41:16","modified_gmt":"2023-08-07T14:41:16","slug":"veste-zip-reversible","status":"publish","type":"product","link":"https:\/\/osaone.ch\/fr\/produit\/veste-zip-reversible\/","title":{"rendered":"Veste r\u00e9versible \u00e0 fermeture \u00e9clair"},"content":{"rendered":"<p>Tricot\u00e9e, teinte en fil, laine de premi\u00e8re tonte, tr\u00e8s douce, pas de pincement, en usage normal sans frottement pas de boulochage, ceux NAVY-AVIO.<\/p>\n<p>CERTIFI\u00c9 PRODUIT ITALIEN<\/p>\n","protected":false},"excerpt":{"rendered":"<p>100% laine m\u00e9rinos extra fine<\/p>\n","protected":false},"featured_media":121968,"template":"","meta":{"_seopress_robots_primary_cat":"none","_seopress_titles_title":"","_seopress_titles_desc":"","_seopress_robots_index":"","_seopress_analysis_target_kw":""},"product_brand":[],"product_cat":[351],"product_tag":[],"class_list":{"0":"post-34566","1":"product","2":"type-product","3":"status-publish","4":"has-post-thumbnail","6":"product_cat-vestes","7":"pa_taglia-2xl-fr","8":"pa_taglia-3xl-fr","9":"pa_taglia-l-fr","10":"pa_taglia-m-fr","11":"pa_taglia-xl-fr","13":"first","14":"instock","15":"shipping-taxable","16":"purchasable","17":"product-type-variable","18":"has-default-attributes"},"_links":{"self":[{"href":"https:\/\/osaone.ch\/fr\/wp-json\/wp\/v2\/product\/34566","targetHints":{"allow":["GET"]}}],"collection":[{"href":"https:\/\/osaone.ch\/fr\/wp-json\/wp\/v2\/product"}],"about":[{"href":"https:\/\/osaone.ch\/fr\/wp-json\/wp\/v2\/types\/product"}],"wp:featuredmedia":[{"embeddable":true,"href":"https:\/\/osaone.ch\/fr\/wp-json\/wp\/v2\/media\/121968"}],"wp:attachment":[{"href":"https:\/\/osaone.ch\/fr\/wp-json\/wp\/v2\/media?parent=34566"}],"wp:term":[{"taxonomy":"product_brand","embeddable":true,"href":"https:\/\/osaone.ch\/fr\/wp-json\/wp\/v2\/product_brand?post=34566"},{"taxonomy":"product_cat","embeddable":true,"href":"https:\/\/osaone.ch\/fr\/wp-json\/wp\/v2\/product_cat?post=34566"},{"taxonomy":"product_tag","embeddable":true,"href":"https:\/\/osaone.ch\/fr\/wp-json\/wp\/v2\/product_tag?post=34566"}],"curies":[{"name":"wp","href":"https:\/\/api.w.org\/{rel}","templated":true}]}}