{"id":34636,"date":"2022-05-22T14:37:43","date_gmt":"2022-05-22T12:37:43","guid":{"rendered":"https:\/\/osaone.ch\/prodotto\/chemise-a-manches-longues\/"},"modified":"2024-12-09T18:35:01","modified_gmt":"2024-12-09T17:35:01","slug":"chemise-a-manches-longues","status":"publish","type":"product","link":"https:\/\/osaone.ch\/fr\/produit\/chemise-a-manches-longues\/","title":{"rendered":"Chemise \u00e0 manches longues"},"content":{"rendered":"<p>Chemise ajust\u00e9e, coupe cintr\u00e9e. TAILLE ITALIENNE Fabriqu\u00e9 en Italie<\/p>\n","protected":false},"excerpt":{"rendered":"<p>97% coton 3% \u00e9lasthanne<\/p>\n","protected":false},"featured_media":34976,"template":"","meta":{"_seopress_robots_primary_cat":"none","_seopress_titles_title":"","_seopress_titles_desc":"","_seopress_robots_index":""},"product_brand":[],"product_cat":[404],"product_tag":[],"class_list":{"0":"post-34636","1":"product","2":"type-product","3":"status-publish","4":"has-post-thumbnail","6":"product_cat-chemises","7":"pa_taglia-42-fr","8":"pa_taglia-44-fr","9":"pa_taglia-46-fr","10":"pa_taglia-50-fr","12":"first","13":"instock","14":"shipping-taxable","15":"purchasable","16":"product-type-variable","17":"has-default-attributes"},"_links":{"self":[{"href":"https:\/\/osaone.ch\/fr\/wp-json\/wp\/v2\/product\/34636","targetHints":{"allow":["GET"]}}],"collection":[{"href":"https:\/\/osaone.ch\/fr\/wp-json\/wp\/v2\/product"}],"about":[{"href":"https:\/\/osaone.ch\/fr\/wp-json\/wp\/v2\/types\/product"}],"wp:featuredmedia":[{"embeddable":true,"href":"https:\/\/osaone.ch\/fr\/wp-json\/wp\/v2\/media\/34976"}],"wp:attachment":[{"href":"https:\/\/osaone.ch\/fr\/wp-json\/wp\/v2\/media?parent=34636"}],"wp:term":[{"taxonomy":"product_brand","embeddable":true,"href":"https:\/\/osaone.ch\/fr\/wp-json\/wp\/v2\/product_brand?post=34636"},{"taxonomy":"product_cat","embeddable":true,"href":"https:\/\/osaone.ch\/fr\/wp-json\/wp\/v2\/product_cat?post=34636"},{"taxonomy":"product_tag","embeddable":true,"href":"https:\/\/osaone.ch\/fr\/wp-json\/wp\/v2\/product_tag?post=34636"}],"curies":[{"name":"wp","href":"https:\/\/api.w.org\/{rel}","templated":true}]}}