{"id":34662,"date":"2022-05-28T11:22:59","date_gmt":"2022-05-28T09:22:59","guid":{"rendered":"https:\/\/osaone.ch\/prodotto\/maillot-a-manches-longues\/"},"modified":"2024-12-09T18:32:58","modified_gmt":"2024-12-09T17:32:58","slug":"jersey-a-manches-longues","status":"publish","type":"product","link":"https:\/\/osaone.ch\/fr\/produit\/jersey-a-manches-longues\/","title":{"rendered":"Maillot \u00e0 manches longues"},"content":{"rendered":"<p>Coupe normale, d\u00e9corations sur le devant, uni au dos. Fabriqu\u00e9 en Italie<\/p>\n","protected":false},"excerpt":{"rendered":"<p>95% viscose 5% \u00e9lasthanne<\/p>\n","protected":false},"featured_media":34984,"template":"","meta":{"_seopress_robots_primary_cat":"none","_seopress_titles_title":"","_seopress_titles_desc":"","_seopress_robots_index":""},"product_brand":[],"product_cat":[411],"product_tag":[],"class_list":{"0":"post-34662","1":"product","2":"type-product","3":"status-publish","4":"has-post-thumbnail","6":"product_cat-maillots-fr-2","7":"pa_taglia-m-fr","8":"pa_taglia-s-fr","10":"first","11":"instock","12":"shipping-taxable","13":"purchasable","14":"product-type-variable","15":"has-default-attributes"},"_links":{"self":[{"href":"https:\/\/osaone.ch\/fr\/wp-json\/wp\/v2\/product\/34662","targetHints":{"allow":["GET"]}}],"collection":[{"href":"https:\/\/osaone.ch\/fr\/wp-json\/wp\/v2\/product"}],"about":[{"href":"https:\/\/osaone.ch\/fr\/wp-json\/wp\/v2\/types\/product"}],"wp:featuredmedia":[{"embeddable":true,"href":"https:\/\/osaone.ch\/fr\/wp-json\/wp\/v2\/media\/34984"}],"wp:attachment":[{"href":"https:\/\/osaone.ch\/fr\/wp-json\/wp\/v2\/media?parent=34662"}],"wp:term":[{"taxonomy":"product_brand","embeddable":true,"href":"https:\/\/osaone.ch\/fr\/wp-json\/wp\/v2\/product_brand?post=34662"},{"taxonomy":"product_cat","embeddable":true,"href":"https:\/\/osaone.ch\/fr\/wp-json\/wp\/v2\/product_cat?post=34662"},{"taxonomy":"product_tag","embeddable":true,"href":"https:\/\/osaone.ch\/fr\/wp-json\/wp\/v2\/product_tag?post=34662"}],"curies":[{"name":"wp","href":"https:\/\/api.w.org\/{rel}","templated":true}]}}