{"id":34690,"date":"2022-05-28T13:14:01","date_gmt":"2022-05-28T11:14:01","guid":{"rendered":"https:\/\/osaone.ch\/prodotto\/leggings\/"},"modified":"2024-12-09T18:33:06","modified_gmt":"2024-12-09T17:33:06","slug":"leggings","status":"publish","type":"product","link":"https:\/\/osaone.ch\/fr\/produit\/leggings\/","title":{"rendered":"Leggings"},"content":{"rendered":"<p>Coupe \u00e9troite, taille \u00e9lastique, micro design. ITALIAN SIZE Fabriqu\u00e9 en Italie<\/p>\n","protected":false},"excerpt":{"rendered":"<p>92% polyester 8% \u00e9lasthanne<\/p>\n","protected":false},"featured_media":35089,"template":"","meta":{"_seopress_robots_primary_cat":"none","_seopress_titles_title":"","_seopress_titles_desc":"","_seopress_robots_index":""},"product_brand":[],"product_cat":[412],"product_tag":[],"class_list":{"0":"post-34690","1":"product","2":"type-product","3":"status-publish","4":"has-post-thumbnail","6":"product_cat-pantalon-fr","7":"pa_taglia-40-fr","8":"pa_taglia-42-fr","9":"pa_taglia-44-fr","11":"first","12":"instock","13":"shipping-taxable","14":"purchasable","15":"product-type-variable","16":"has-default-attributes"},"_links":{"self":[{"href":"https:\/\/osaone.ch\/fr\/wp-json\/wp\/v2\/product\/34690","targetHints":{"allow":["GET"]}}],"collection":[{"href":"https:\/\/osaone.ch\/fr\/wp-json\/wp\/v2\/product"}],"about":[{"href":"https:\/\/osaone.ch\/fr\/wp-json\/wp\/v2\/types\/product"}],"wp:featuredmedia":[{"embeddable":true,"href":"https:\/\/osaone.ch\/fr\/wp-json\/wp\/v2\/media\/35089"}],"wp:attachment":[{"href":"https:\/\/osaone.ch\/fr\/wp-json\/wp\/v2\/media?parent=34690"}],"wp:term":[{"taxonomy":"product_brand","embeddable":true,"href":"https:\/\/osaone.ch\/fr\/wp-json\/wp\/v2\/product_brand?post=34690"},{"taxonomy":"product_cat","embeddable":true,"href":"https:\/\/osaone.ch\/fr\/wp-json\/wp\/v2\/product_cat?post=34690"},{"taxonomy":"product_tag","embeddable":true,"href":"https:\/\/osaone.ch\/fr\/wp-json\/wp\/v2\/product_tag?post=34690"}],"curies":[{"name":"wp","href":"https:\/\/api.w.org\/{rel}","templated":true}]}}