{"id":34710,"date":"2022-05-28T14:40:21","date_gmt":"2022-05-28T12:40:21","guid":{"rendered":"https:\/\/osaone.ch\/prodotto\/debardeur\/"},"modified":"2024-12-09T18:33:37","modified_gmt":"2024-12-09T17:33:37","slug":"camisole-behind-a-button","status":"publish","type":"product","link":"https:\/\/osaone.ch\/fr\/produit\/camisole-behind-a-button\/","title":{"rendered":"D\u00e9bardeur"},"content":{"rendered":"<p>Petite taille, devant \u00e0 paillettes avec doublure int\u00e9rieure, fermeture \u00e0 bouton au dos sans paillettes. ITALIAN SIZE Made in Italy<\/p>\n","protected":false},"excerpt":{"rendered":"<p>100% Polyester<\/p>\n","protected":false},"featured_media":35004,"template":"","meta":{"_seopress_robots_primary_cat":"none","_seopress_titles_title":"","_seopress_titles_desc":"","_seopress_robots_index":""},"product_brand":[],"product_cat":[423],"product_tag":[],"class_list":{"0":"post-34710","1":"product","2":"type-product","3":"status-publish","4":"has-post-thumbnail","6":"product_cat-t-shirts-tuniques","7":"pa_taglia-40-fr","8":"pa_taglia-42-fr","9":"pa_taglia-44-fr","10":"pa_taglia-48-fr","12":"first","13":"instock","14":"shipping-taxable","15":"purchasable","16":"product-type-variable","17":"has-default-attributes"},"_links":{"self":[{"href":"https:\/\/osaone.ch\/fr\/wp-json\/wp\/v2\/product\/34710","targetHints":{"allow":["GET"]}}],"collection":[{"href":"https:\/\/osaone.ch\/fr\/wp-json\/wp\/v2\/product"}],"about":[{"href":"https:\/\/osaone.ch\/fr\/wp-json\/wp\/v2\/types\/product"}],"wp:featuredmedia":[{"embeddable":true,"href":"https:\/\/osaone.ch\/fr\/wp-json\/wp\/v2\/media\/35004"}],"wp:attachment":[{"href":"https:\/\/osaone.ch\/fr\/wp-json\/wp\/v2\/media?parent=34710"}],"wp:term":[{"taxonomy":"product_brand","embeddable":true,"href":"https:\/\/osaone.ch\/fr\/wp-json\/wp\/v2\/product_brand?post=34710"},{"taxonomy":"product_cat","embeddable":true,"href":"https:\/\/osaone.ch\/fr\/wp-json\/wp\/v2\/product_cat?post=34710"},{"taxonomy":"product_tag","embeddable":true,"href":"https:\/\/osaone.ch\/fr\/wp-json\/wp\/v2\/product_tag?post=34710"}],"curies":[{"name":"wp","href":"https:\/\/api.w.org\/{rel}","templated":true}]}}