{"id":34738,"date":"2022-06-06T13:13:58","date_gmt":"2022-06-06T11:13:58","guid":{"rendered":"https:\/\/osaone.ch\/prodotto\/jupe\/"},"modified":"2023-02-13T15:41:23","modified_gmt":"2023-02-13T14:41:23","slug":"jupe-artisan-charniere-sur-le-dos","status":"publish","type":"product","link":"https:\/\/osaone.ch\/fr\/produit\/jupe-artisan-charniere-sur-le-dos\/","title":{"rendered":"Jupe"},"content":{"rendered":"<p>V\u00eatement de qualit\u00e9 avec une finition artisanale qui n\u00e9cessite un entretien extr\u00eamement soign\u00e9.<\/p>\n<p>Coupe normale, sous les genoux, avec doublure, fermeture \u00e9clair au dos, taille l\u00e9g\u00e8rement \u00e9lastiqu\u00e9e.<\/p>\n<p>Peut \u00eatre combin\u00e9 avec l&rsquo;article 116-AC207BCO chemise \u00e0 manches courtes &#8211; autres types<\/p>\n<p>TAILLE ITALIENNE<\/p>\n<p>Fabriqu\u00e9 en Italie<\/p>\n","protected":false},"excerpt":{"rendered":"<p>70% coton 30% polyester<\/p>\n","protected":false},"featured_media":32891,"template":"","meta":{"_seopress_robots_primary_cat":"none","_seopress_titles_title":"","_seopress_titles_desc":"","_seopress_robots_index":""},"product_brand":[],"product_cat":[396],"product_tag":[],"class_list":{"0":"post-34738","1":"product","2":"type-product","3":"status-publish","4":"has-post-thumbnail","6":"product_cat-jupes","7":"pa_taglia-42-fr","8":"pa_taglia-44-fr","9":"pa_taglia-46-fr","11":"first","12":"instock","13":"shipping-taxable","14":"purchasable","15":"product-type-variable","16":"has-default-attributes"},"_links":{"self":[{"href":"https:\/\/osaone.ch\/fr\/wp-json\/wp\/v2\/product\/34738","targetHints":{"allow":["GET"]}}],"collection":[{"href":"https:\/\/osaone.ch\/fr\/wp-json\/wp\/v2\/product"}],"about":[{"href":"https:\/\/osaone.ch\/fr\/wp-json\/wp\/v2\/types\/product"}],"wp:featuredmedia":[{"embeddable":true,"href":"https:\/\/osaone.ch\/fr\/wp-json\/wp\/v2\/media\/32891"}],"wp:attachment":[{"href":"https:\/\/osaone.ch\/fr\/wp-json\/wp\/v2\/media?parent=34738"}],"wp:term":[{"taxonomy":"product_brand","embeddable":true,"href":"https:\/\/osaone.ch\/fr\/wp-json\/wp\/v2\/product_brand?post=34738"},{"taxonomy":"product_cat","embeddable":true,"href":"https:\/\/osaone.ch\/fr\/wp-json\/wp\/v2\/product_cat?post=34738"},{"taxonomy":"product_tag","embeddable":true,"href":"https:\/\/osaone.ch\/fr\/wp-json\/wp\/v2\/product_tag?post=34738"}],"curies":[{"name":"wp","href":"https:\/\/api.w.org\/{rel}","templated":true}]}}