{"id":34741,"date":"2022-06-06T13:27:45","date_gmt":"2022-06-06T11:27:45","guid":{"rendered":"https:\/\/osaone.ch\/prodotto\/maillot-a-manches-courtes\/"},"modified":"2023-02-13T16:45:07","modified_gmt":"2023-02-13T15:45:07","slug":"maillot-a-manches-courtes","status":"publish","type":"product","link":"https:\/\/osaone.ch\/fr\/produit\/maillot-a-manches-courtes\/","title":{"rendered":"Maillot \u00e0 manches courtes"},"content":{"rendered":"<p>V\u00eatement de qualit\u00e9 avec une finition artisanale qui n\u00e9cessite un entretien extr\u00eamement soign\u00e9.<\/p>\n<p>Peut \u00eatre combin\u00e9 avec l&rsquo;article 116-AC108BCO &#8211; jupe.<\/p>\n<p>Coupe normale, avec camisole,<\/p>\n<p>TAILLE ITALIENNE<\/p>\n<p>Fabriqu\u00e9 en Italie<\/p>\n","protected":false},"excerpt":{"rendered":"<p>70% coton 30% polyester<\/p>\n","protected":false},"featured_media":73469,"template":"","meta":{"_seopress_robots_primary_cat":"none","_seopress_titles_title":"","_seopress_titles_desc":"","_seopress_robots_index":""},"product_brand":[],"product_cat":[342,286],"product_tag":[],"class_list":{"0":"post-34741","1":"product","2":"type-product","3":"status-publish","4":"has-post-thumbnail","6":"product_cat-autres-types-fr","7":"product_cat-maillots-fr","8":"pa_taglia-44-fr","9":"pa_taglia-46-fr","10":"pa_taglia-48-fr","12":"first","13":"instock","14":"shipping-taxable","15":"purchasable","16":"product-type-variable","17":"has-default-attributes"},"_links":{"self":[{"href":"https:\/\/osaone.ch\/fr\/wp-json\/wp\/v2\/product\/34741","targetHints":{"allow":["GET"]}}],"collection":[{"href":"https:\/\/osaone.ch\/fr\/wp-json\/wp\/v2\/product"}],"about":[{"href":"https:\/\/osaone.ch\/fr\/wp-json\/wp\/v2\/types\/product"}],"wp:featuredmedia":[{"embeddable":true,"href":"https:\/\/osaone.ch\/fr\/wp-json\/wp\/v2\/media\/73469"}],"wp:attachment":[{"href":"https:\/\/osaone.ch\/fr\/wp-json\/wp\/v2\/media?parent=34741"}],"wp:term":[{"taxonomy":"product_brand","embeddable":true,"href":"https:\/\/osaone.ch\/fr\/wp-json\/wp\/v2\/product_brand?post=34741"},{"taxonomy":"product_cat","embeddable":true,"href":"https:\/\/osaone.ch\/fr\/wp-json\/wp\/v2\/product_cat?post=34741"},{"taxonomy":"product_tag","embeddable":true,"href":"https:\/\/osaone.ch\/fr\/wp-json\/wp\/v2\/product_tag?post=34741"}],"curies":[{"name":"wp","href":"https:\/\/api.w.org\/{rel}","templated":true}]}}