{"id":34786,"date":"2022-06-06T14:50:25","date_gmt":"2022-06-06T12:50:25","guid":{"rendered":"https:\/\/osaone.ch\/prodotto\/robe-5\/"},"modified":"2024-12-09T18:34:26","modified_gmt":"2024-12-09T17:34:26","slug":"robe-seche-sur-les-genoux","status":"publish","type":"product","link":"https:\/\/osaone.ch\/fr\/produit\/robe-seche-sur-les-genoux\/","title":{"rendered":"Robe"},"content":{"rendered":"<p>Coupe \u00e9troite, au-dessus des genoux, bretelles crois\u00e9es uniquement sur le devant. Peut \u00eatre combin\u00e9 avec la veste de l&rsquo;article 212-1505M. ITALIAN SIZE Made in Italy<\/p>\n","protected":false},"excerpt":{"rendered":"<p>75% viscose 25% polyester<\/p>\n","protected":false},"featured_media":35008,"template":"","meta":{"_seopress_robots_primary_cat":"none","_seopress_titles_title":"","_seopress_titles_desc":"","_seopress_robots_index":""},"product_brand":[],"product_cat":[421],"product_tag":[],"class_list":{"0":"post-34786","1":"product","2":"type-product","3":"status-publish","4":"has-post-thumbnail","6":"product_cat-vetements-fr","7":"pa_taglia-l-fr","8":"pa_taglia-m-fr","9":"pa_taglia-xl-fr","11":"first","12":"instock","13":"shipping-taxable","14":"purchasable","15":"product-type-variable","16":"has-default-attributes"},"_links":{"self":[{"href":"https:\/\/osaone.ch\/fr\/wp-json\/wp\/v2\/product\/34786","targetHints":{"allow":["GET"]}}],"collection":[{"href":"https:\/\/osaone.ch\/fr\/wp-json\/wp\/v2\/product"}],"about":[{"href":"https:\/\/osaone.ch\/fr\/wp-json\/wp\/v2\/types\/product"}],"wp:featuredmedia":[{"embeddable":true,"href":"https:\/\/osaone.ch\/fr\/wp-json\/wp\/v2\/media\/35008"}],"wp:attachment":[{"href":"https:\/\/osaone.ch\/fr\/wp-json\/wp\/v2\/media?parent=34786"}],"wp:term":[{"taxonomy":"product_brand","embeddable":true,"href":"https:\/\/osaone.ch\/fr\/wp-json\/wp\/v2\/product_brand?post=34786"},{"taxonomy":"product_cat","embeddable":true,"href":"https:\/\/osaone.ch\/fr\/wp-json\/wp\/v2\/product_cat?post=34786"},{"taxonomy":"product_tag","embeddable":true,"href":"https:\/\/osaone.ch\/fr\/wp-json\/wp\/v2\/product_tag?post=34786"}],"curies":[{"name":"wp","href":"https:\/\/api.w.org\/{rel}","templated":true}]}}