{"id":34796,"date":"2022-06-06T15:11:54","date_gmt":"2022-06-06T13:11:54","guid":{"rendered":"https:\/\/osaone.ch\/prodotto\/pantalon-2\/"},"modified":"2022-11-21T11:57:55","modified_gmt":"2022-11-21T10:57:55","slug":"pantalon-poches-leger","status":"publish","type":"product","link":"https:\/\/osaone.ch\/fr\/produit\/pantalon-poches-leger\/","title":{"rendered":"Pantalon"},"content":{"rendered":"<p>Coupe normale, ample, avec des poches, tr\u00e8s l\u00e9g\u00e8re.<\/p>\n<p>TAILLE ITALIENNE<\/p>\n<p>Fabriqu\u00e9 en Italie<\/p>\n","protected":false},"excerpt":{"rendered":"<p>98% coton 2% \u00e9lasthanne<\/p>\n","protected":false},"featured_media":35093,"template":"","meta":{"_seopress_robots_primary_cat":"none","_seopress_titles_title":"","_seopress_titles_desc":"","_seopress_robots_index":""},"product_brand":[],"product_cat":[412],"product_tag":[],"class_list":{"0":"post-34796","1":"product","2":"type-product","3":"status-publish","4":"has-post-thumbnail","6":"product_cat-pantalon-fr","7":"pa_taglia-44-fr","8":"pa_taglia-48-fr","9":"pa_taglia-50-fr","11":"first","12":"instock","13":"shipping-taxable","14":"purchasable","15":"product-type-variable","16":"has-default-attributes"},"_links":{"self":[{"href":"https:\/\/osaone.ch\/fr\/wp-json\/wp\/v2\/product\/34796","targetHints":{"allow":["GET"]}}],"collection":[{"href":"https:\/\/osaone.ch\/fr\/wp-json\/wp\/v2\/product"}],"about":[{"href":"https:\/\/osaone.ch\/fr\/wp-json\/wp\/v2\/types\/product"}],"wp:featuredmedia":[{"embeddable":true,"href":"https:\/\/osaone.ch\/fr\/wp-json\/wp\/v2\/media\/35093"}],"wp:attachment":[{"href":"https:\/\/osaone.ch\/fr\/wp-json\/wp\/v2\/media?parent=34796"}],"wp:term":[{"taxonomy":"product_brand","embeddable":true,"href":"https:\/\/osaone.ch\/fr\/wp-json\/wp\/v2\/product_brand?post=34796"},{"taxonomy":"product_cat","embeddable":true,"href":"https:\/\/osaone.ch\/fr\/wp-json\/wp\/v2\/product_cat?post=34796"},{"taxonomy":"product_tag","embeddable":true,"href":"https:\/\/osaone.ch\/fr\/wp-json\/wp\/v2\/product_tag?post=34796"}],"curies":[{"name":"wp","href":"https:\/\/api.w.org\/{rel}","templated":true}]}}