{"id":34800,"date":"2022-06-06T15:07:15","date_gmt":"2022-06-06T13:07:15","guid":{"rendered":"https:\/\/osaone.ch\/prodotto\/robe-6\/"},"modified":"2024-12-09T18:34:36","modified_gmt":"2024-12-09T17:34:36","slug":"robe-doublure-ceinture","status":"publish","type":"product","link":"https:\/\/osaone.ch\/fr\/produit\/robe-doublure-ceinture\/","title":{"rendered":"Robe"},"content":{"rendered":"<p>Coupe s\u00e8che, avec doublure, ceinture de m\u00eame facture, bande \u00e9lastique au-dessus de la poitrine. ITALIAN SIZES Made in Italy<\/p>\n","protected":false},"excerpt":{"rendered":"<p>43% coton 43% viscose 14% polyester<\/p>\n","protected":false},"featured_media":35012,"template":"","meta":{"_seopress_robots_primary_cat":"none","_seopress_titles_title":"","_seopress_titles_desc":"","_seopress_robots_index":""},"product_brand":[],"product_cat":[421],"product_tag":[],"class_list":{"0":"post-34800","1":"product","2":"type-product","3":"status-publish","4":"has-post-thumbnail","6":"product_cat-vetements-fr","7":"pa_taglia-l-fr","8":"pa_taglia-xl-fr","10":"first","11":"instock","12":"shipping-taxable","13":"purchasable","14":"product-type-variable","15":"has-default-attributes"},"_links":{"self":[{"href":"https:\/\/osaone.ch\/fr\/wp-json\/wp\/v2\/product\/34800","targetHints":{"allow":["GET"]}}],"collection":[{"href":"https:\/\/osaone.ch\/fr\/wp-json\/wp\/v2\/product"}],"about":[{"href":"https:\/\/osaone.ch\/fr\/wp-json\/wp\/v2\/types\/product"}],"wp:featuredmedia":[{"embeddable":true,"href":"https:\/\/osaone.ch\/fr\/wp-json\/wp\/v2\/media\/35012"}],"wp:attachment":[{"href":"https:\/\/osaone.ch\/fr\/wp-json\/wp\/v2\/media?parent=34800"}],"wp:term":[{"taxonomy":"product_brand","embeddable":true,"href":"https:\/\/osaone.ch\/fr\/wp-json\/wp\/v2\/product_brand?post=34800"},{"taxonomy":"product_cat","embeddable":true,"href":"https:\/\/osaone.ch\/fr\/wp-json\/wp\/v2\/product_cat?post=34800"},{"taxonomy":"product_tag","embeddable":true,"href":"https:\/\/osaone.ch\/fr\/wp-json\/wp\/v2\/product_tag?post=34800"}],"curies":[{"name":"wp","href":"https:\/\/api.w.org\/{rel}","templated":true}]}}