{"id":34812,"date":"2022-06-06T14:34:48","date_gmt":"2022-06-06T12:34:48","guid":{"rendered":"https:\/\/osaone.ch\/prodotto\/t-shirt\/"},"modified":"2024-12-09T18:36:34","modified_gmt":"2024-12-09T17:36:34","slug":"t-shirt","status":"publish","type":"product","link":"https:\/\/osaone.ch\/fr\/produit\/t-shirt\/","title":{"rendered":"T-shirt"},"content":{"rendered":"<p>Coupe s\u00e8che, insert lat\u00e9ral. ITALIAN SIZE Fabriqu\u00e9 en Italie<\/p>\n","protected":false},"excerpt":{"rendered":"<p>97% viscose 7% \u00e9lasthanne<\/p>\n","protected":false},"featured_media":35000,"template":"","meta":{"_seopress_robots_primary_cat":"none","_seopress_titles_title":"","_seopress_titles_desc":"","_seopress_robots_index":""},"product_brand":[],"product_cat":[423],"product_tag":[],"class_list":{"0":"post-34812","1":"product","2":"type-product","3":"status-publish","4":"has-post-thumbnail","6":"product_cat-t-shirts-tuniques","7":"pa_taglia-42-fr","8":"pa_taglia-46-fr","10":"first","11":"instock","12":"shipping-taxable","13":"purchasable","14":"product-type-variable","15":"has-default-attributes"},"_links":{"self":[{"href":"https:\/\/osaone.ch\/fr\/wp-json\/wp\/v2\/product\/34812","targetHints":{"allow":["GET"]}}],"collection":[{"href":"https:\/\/osaone.ch\/fr\/wp-json\/wp\/v2\/product"}],"about":[{"href":"https:\/\/osaone.ch\/fr\/wp-json\/wp\/v2\/types\/product"}],"wp:featuredmedia":[{"embeddable":true,"href":"https:\/\/osaone.ch\/fr\/wp-json\/wp\/v2\/media\/35000"}],"wp:attachment":[{"href":"https:\/\/osaone.ch\/fr\/wp-json\/wp\/v2\/media?parent=34812"}],"wp:term":[{"taxonomy":"product_brand","embeddable":true,"href":"https:\/\/osaone.ch\/fr\/wp-json\/wp\/v2\/product_brand?post=34812"},{"taxonomy":"product_cat","embeddable":true,"href":"https:\/\/osaone.ch\/fr\/wp-json\/wp\/v2\/product_cat?post=34812"},{"taxonomy":"product_tag","embeddable":true,"href":"https:\/\/osaone.ch\/fr\/wp-json\/wp\/v2\/product_tag?post=34812"}],"curies":[{"name":"wp","href":"https:\/\/api.w.org\/{rel}","templated":true}]}}