{"id":35134,"date":"2022-06-12T10:50:52","date_gmt":"2022-06-12T08:50:52","guid":{"rendered":"https:\/\/osaone.ch\/prodotto\/robe-7\/"},"modified":"2024-12-09T18:34:42","modified_gmt":"2024-12-09T17:34:42","slug":"robe-justice-doublee","status":"publish","type":"product","link":"https:\/\/osaone.ch\/fr\/produit\/robe-justice-doublee\/","title":{"rendered":"Robe"},"content":{"rendered":"<p>Coupe \u00e9troite, doubl\u00e9e, zipp\u00e9e au dos, avec \u00e9tole. ITALIAN SIZE Made in Italy<\/p>\n","protected":false},"excerpt":{"rendered":"<p>100% Polyester<\/p>\n","protected":false},"featured_media":32687,"template":"","meta":{"_seopress_robots_primary_cat":"none","_seopress_titles_title":"","_seopress_titles_desc":"","_seopress_robots_index":""},"product_brand":[],"product_cat":[421],"product_tag":[],"class_list":{"0":"post-35134","1":"product","2":"type-product","3":"status-publish","4":"has-post-thumbnail","6":"product_cat-vetements-fr","7":"pa_taglia-46-fr","8":"pa_taglia-48-fr","10":"first","11":"instock","12":"shipping-taxable","13":"purchasable","14":"product-type-variable","15":"has-default-attributes"},"_links":{"self":[{"href":"https:\/\/osaone.ch\/fr\/wp-json\/wp\/v2\/product\/35134","targetHints":{"allow":["GET"]}}],"collection":[{"href":"https:\/\/osaone.ch\/fr\/wp-json\/wp\/v2\/product"}],"about":[{"href":"https:\/\/osaone.ch\/fr\/wp-json\/wp\/v2\/types\/product"}],"wp:featuredmedia":[{"embeddable":true,"href":"https:\/\/osaone.ch\/fr\/wp-json\/wp\/v2\/media\/32687"}],"wp:attachment":[{"href":"https:\/\/osaone.ch\/fr\/wp-json\/wp\/v2\/media?parent=35134"}],"wp:term":[{"taxonomy":"product_brand","embeddable":true,"href":"https:\/\/osaone.ch\/fr\/wp-json\/wp\/v2\/product_brand?post=35134"},{"taxonomy":"product_cat","embeddable":true,"href":"https:\/\/osaone.ch\/fr\/wp-json\/wp\/v2\/product_cat?post=35134"},{"taxonomy":"product_tag","embeddable":true,"href":"https:\/\/osaone.ch\/fr\/wp-json\/wp\/v2\/product_tag?post=35134"}],"curies":[{"name":"wp","href":"https:\/\/api.w.org\/{rel}","templated":true}]}}